{"id":1437,"date":"2021-03-10T16:32:03","date_gmt":"2021-03-10T16:32:03","guid":{"rendered":"http:\/\/www.newsite.camvaceng.com\/news-and-media\/case-studies\/"},"modified":"2021-11-26T10:06:31","modified_gmt":"2021-11-26T10:06:31","slug":"studium-przypadku","status":"publish","type":"page","link":"http:\/\/www.cvenewsite.camvaceng.com\/pl\/aktualnosci-i-media\/studium-przypadku\/","title":{"rendered":"Studium Przypadku"},"content":{"rendered":"<p>W studiach przypadk\u00f3w opisano spawarki, kt\u00f3re zbudowali\u015bmy na zlecenie naszych klient\u00f3w. Wyja\u015bniamy, w jaki spos\u00f3b nasza fachowa wiedza prze\u0142o\u017cy\u0142a si\u0119 na usprawnienie ich proces\u00f3w oraz wp\u0142yw naszej dzia\u0142alno\u015bci na ca\u0142\u0105 bran\u017c\u0119.<\/p>\n","protected":false},"excerpt":{"rendered":"<p>W studiach przypadk\u00f3w opisano spawarki, kt\u00f3re zbudowali\u015bmy na zlecenie naszych klient\u00f3w. Wyja\u015bniamy, w jaki spos\u00f3b nasza fachowa wiedza prze\u0142o\u017cy\u0142a si\u0119 na usprawnienie ich proces\u00f3w oraz wp\u0142yw naszej dzia\u0142alno\u015bci na ca\u0142\u0105 bran\u017c\u0119.<\/p>\n","protected":false},"author":2,"featured_media":2518,"parent":1430,"menu_order":0,"comment_status":"closed","ping_status":"closed","template":"template-case-studies.php","meta":{"footnotes":""},"class_list":["post-1437","page","type-page","status-publish","has-post-thumbnail","hentry"],"acf":[],"yoast_head":"<!-- This site is optimized with the Yoast SEO plugin v27.3 - https:\/\/yoast.com\/product\/yoast-seo-wordpress\/ -->\n<title>Studium Przypadku - Cambridge Vacuum Engineering<\/title>\n<meta name=\"description\" content=\"W studiach przypadk\u00f3w opisano spawarki, kt\u00f3re zbudowali\u015bmy na zlecenie naszych klient\u00f3w. Wyja\u015bniamy, w jaki spos\u00f3b nasza fachowa wiedza prze\u0142o\u017cy\u0142a si\u0119 na usprawnienie ich proces\u00f3w oraz wp\u0142yw naszej dzia\u0142alno\u015bci na ca\u0142\u0105 bran\u017c\u0119.\" \/>\n<meta name=\"robots\" content=\"index, follow, max-snippet:-1, max-image-preview:large, max-video-preview:-1\" \/>\n<link rel=\"canonical\" href=\"http:\/\/www.cvenewsite.camvaceng.com\/pl\/aktualnosci-i-media\/studium-przypadku\/\" \/>\n<meta property=\"og:locale\" content=\"pl_PL\" \/>\n<meta property=\"og:type\" content=\"article\" \/>\n<meta property=\"og:title\" content=\"Studium Przypadku - Cambridge Vacuum Engineering\" \/>\n<meta property=\"og:description\" content=\"W studiach przypadk\u00f3w opisano spawarki, kt\u00f3re zbudowali\u015bmy na zlecenie naszych klient\u00f3w. Wyja\u015bniamy, w jaki spos\u00f3b nasza fachowa wiedza prze\u0142o\u017cy\u0142a si\u0119 na usprawnienie ich proces\u00f3w oraz wp\u0142yw naszej dzia\u0142alno\u015bci na ca\u0142\u0105 bran\u017c\u0119.\" \/>\n<meta property=\"og:url\" content=\"http:\/\/www.cvenewsite.camvaceng.com\/pl\/aktualnosci-i-media\/studium-przypadku\/\" \/>\n<meta property=\"og:site_name\" content=\"Cambridge Vacuum Engineering\" \/>\n<meta property=\"article:modified_time\" content=\"2021-11-26T10:06:31+00:00\" \/>\n<meta property=\"og:image\" content=\"http:\/\/www.cvenewsite.camvaceng.com\/wp-content\/uploads\/2021\/03\/Hero-Placeholder-scaled.jpeg\" \/>\n\t<meta property=\"og:image:width\" content=\"2560\" \/>\n\t<meta property=\"og:image:height\" content=\"1709\" \/>\n\t<meta property=\"og:image:type\" content=\"image\/jpeg\" \/>\n<meta name=\"twitter:card\" content=\"summary_large_image\" \/>\n<meta name=\"twitter:site\" content=\"@CamVacEng\" \/>\n<meta name=\"twitter:label1\" content=\"Szacowany czas czytania\" \/>\n\t<meta name=\"twitter:data1\" content=\"1 minuta\" \/>\n<script type=\"application\/ld+json\" class=\"yoast-schema-graph\">{\"@context\":\"https:\\\/\\\/schema.org\",\"@graph\":[{\"@type\":\"WebPage\",\"@id\":\"http:\\\/\\\/www.cvenewsite.camvaceng.com\\\/pl\\\/aktualnosci-i-media\\\/studium-przypadku\\\/\",\"url\":\"http:\\\/\\\/www.cvenewsite.camvaceng.com\\\/pl\\\/aktualnosci-i-media\\\/studium-przypadku\\\/\",\"name\":\"Studium Przypadku - Cambridge Vacuum Engineering\",\"isPartOf\":{\"@id\":\"http:\\\/\\\/www.cvenewsite.camvaceng.com\\\/pl\\\/#website\"},\"primaryImageOfPage\":{\"@id\":\"http:\\\/\\\/www.cvenewsite.camvaceng.com\\\/pl\\\/aktualnosci-i-media\\\/studium-przypadku\\\/#primaryimage\"},\"image\":{\"@id\":\"http:\\\/\\\/www.cvenewsite.camvaceng.com\\\/pl\\\/aktualnosci-i-media\\\/studium-przypadku\\\/#primaryimage\"},\"thumbnailUrl\":\"http:\\\/\\\/www.cvenewsite.camvaceng.com\\\/wp-content\\\/uploads\\\/2021\\\/03\\\/Hero-Placeholder-scaled.jpeg\",\"datePublished\":\"2021-03-10T16:32:03+00:00\",\"dateModified\":\"2021-11-26T10:06:31+00:00\",\"description\":\"W studiach przypadk\u00f3w opisano spawarki, kt\u00f3re zbudowali\u015bmy na zlecenie naszych klient\u00f3w. Wyja\u015bniamy, w jaki spos\u00f3b nasza fachowa wiedza prze\u0142o\u017cy\u0142a si\u0119 na usprawnienie ich proces\u00f3w oraz wp\u0142yw naszej dzia\u0142alno\u015bci na ca\u0142\u0105 bran\u017c\u0119.\",\"breadcrumb\":{\"@id\":\"http:\\\/\\\/www.cvenewsite.camvaceng.com\\\/pl\\\/aktualnosci-i-media\\\/studium-przypadku\\\/#breadcrumb\"},\"inLanguage\":\"pl-PL\",\"potentialAction\":[{\"@type\":\"ReadAction\",\"target\":[\"http:\\\/\\\/www.cvenewsite.camvaceng.com\\\/pl\\\/aktualnosci-i-media\\\/studium-przypadku\\\/\"]}]},{\"@type\":\"ImageObject\",\"inLanguage\":\"pl-PL\",\"@id\":\"http:\\\/\\\/www.cvenewsite.camvaceng.com\\\/pl\\\/aktualnosci-i-media\\\/studium-przypadku\\\/#primaryimage\",\"url\":\"http:\\\/\\\/www.cvenewsite.camvaceng.com\\\/wp-content\\\/uploads\\\/2021\\\/03\\\/Hero-Placeholder-scaled.jpeg\",\"contentUrl\":\"http:\\\/\\\/www.cvenewsite.camvaceng.com\\\/wp-content\\\/uploads\\\/2021\\\/03\\\/Hero-Placeholder-scaled.jpeg\",\"width\":2560,\"height\":1709},{\"@type\":\"BreadcrumbList\",\"@id\":\"http:\\\/\\\/www.cvenewsite.camvaceng.com\\\/pl\\\/aktualnosci-i-media\\\/studium-przypadku\\\/#breadcrumb\",\"itemListElement\":[{\"@type\":\"ListItem\",\"position\":1,\"name\":\"Home\",\"item\":\"http:\\\/\\\/www.cvenewsite.camvaceng.com\\\/pl\\\/?lang=pl\"},{\"@type\":\"ListItem\",\"position\":2,\"name\":\"Aktualno\u015bci i Media\",\"item\":\"http:\\\/\\\/www.cvenewsite.camvaceng.com\\\/pl\\\/aktualnosci-i-media\\\/?lang=pl\"},{\"@type\":\"ListItem\",\"position\":3,\"name\":\"Studium Przypadku\"}]},{\"@type\":\"WebSite\",\"@id\":\"http:\\\/\\\/www.cvenewsite.camvaceng.com\\\/pl\\\/#website\",\"url\":\"http:\\\/\\\/www.cvenewsite.camvaceng.com\\\/pl\\\/\",\"name\":\"Cambridge Vacuum Engineering\",\"description\":\"\",\"publisher\":{\"@id\":\"http:\\\/\\\/www.cvenewsite.camvaceng.com\\\/pl\\\/#organization\"},\"potentialAction\":[{\"@type\":\"SearchAction\",\"target\":{\"@type\":\"EntryPoint\",\"urlTemplate\":\"http:\\\/\\\/www.cvenewsite.camvaceng.com\\\/pl\\\/?s={search_term_string}\"},\"query-input\":{\"@type\":\"PropertyValueSpecification\",\"valueRequired\":true,\"valueName\":\"search_term_string\"}}],\"inLanguage\":\"pl-PL\"},{\"@type\":\"Organization\",\"@id\":\"http:\\\/\\\/www.cvenewsite.camvaceng.com\\\/pl\\\/#organization\",\"name\":\"Cambridge Vacuum Engineering\",\"url\":\"http:\\\/\\\/www.cvenewsite.camvaceng.com\\\/pl\\\/\",\"logo\":{\"@type\":\"ImageObject\",\"inLanguage\":\"pl-PL\",\"@id\":\"http:\\\/\\\/www.cvenewsite.camvaceng.com\\\/pl\\\/#\\\/schema\\\/logo\\\/image\\\/\",\"url\":\"http:\\\/\\\/www.cvenewsite.camvaceng.com\\\/wp-content\\\/uploads\\\/2021\\\/04\\\/CamVacEngRGB.jpg\",\"contentUrl\":\"http:\\\/\\\/www.cvenewsite.camvaceng.com\\\/wp-content\\\/uploads\\\/2021\\\/04\\\/CamVacEngRGB.jpg\",\"width\":1510,\"height\":807,\"caption\":\"Cambridge Vacuum Engineering\"},\"image\":{\"@id\":\"http:\\\/\\\/www.cvenewsite.camvaceng.com\\\/pl\\\/#\\\/schema\\\/logo\\\/image\\\/\"},\"sameAs\":[\"https:\\\/\\\/x.com\\\/CamVacEng\",\"https:\\\/\\\/www.linkedin.com\\\/company\\\/20028971\\\/\",\"https:\\\/\\\/www.youtube.com\\\/channel\\\/UCEKBjBKlxxfhIHoR22SD0Uw\"]}]}<\/script>\n<!-- \/ Yoast SEO plugin. -->","yoast_head_json":{"title":"Studium Przypadku - Cambridge Vacuum Engineering","description":"W studiach przypadk\u00f3w opisano spawarki, kt\u00f3re zbudowali\u015bmy na zlecenie naszych klient\u00f3w. Wyja\u015bniamy, w jaki spos\u00f3b nasza fachowa wiedza prze\u0142o\u017cy\u0142a si\u0119 na usprawnienie ich proces\u00f3w oraz wp\u0142yw naszej dzia\u0142alno\u015bci na ca\u0142\u0105 bran\u017c\u0119.","robots":{"index":"index","follow":"follow","max-snippet":"max-snippet:-1","max-image-preview":"max-image-preview:large","max-video-preview":"max-video-preview:-1"},"canonical":"http:\/\/www.cvenewsite.camvaceng.com\/pl\/aktualnosci-i-media\/studium-przypadku\/","og_locale":"pl_PL","og_type":"article","og_title":"Studium Przypadku - Cambridge Vacuum Engineering","og_description":"W studiach przypadk\u00f3w opisano spawarki, kt\u00f3re zbudowali\u015bmy na zlecenie naszych klient\u00f3w. Wyja\u015bniamy, w jaki spos\u00f3b nasza fachowa wiedza prze\u0142o\u017cy\u0142a si\u0119 na usprawnienie ich proces\u00f3w oraz wp\u0142yw naszej dzia\u0142alno\u015bci na ca\u0142\u0105 bran\u017c\u0119.","og_url":"http:\/\/www.cvenewsite.camvaceng.com\/pl\/aktualnosci-i-media\/studium-przypadku\/","og_site_name":"Cambridge Vacuum Engineering","article_modified_time":"2021-11-26T10:06:31+00:00","og_image":[{"width":2560,"height":1709,"url":"http:\/\/www.cvenewsite.camvaceng.com\/wp-content\/uploads\/2021\/03\/Hero-Placeholder-scaled.jpeg","type":"image\/jpeg"}],"twitter_card":"summary_large_image","twitter_site":"@CamVacEng","twitter_misc":{"Szacowany czas czytania":"1 minuta"},"schema":{"@context":"https:\/\/schema.org","@graph":[{"@type":"WebPage","@id":"http:\/\/www.cvenewsite.camvaceng.com\/pl\/aktualnosci-i-media\/studium-przypadku\/","url":"http:\/\/www.cvenewsite.camvaceng.com\/pl\/aktualnosci-i-media\/studium-przypadku\/","name":"Studium Przypadku - Cambridge Vacuum Engineering","isPartOf":{"@id":"http:\/\/www.cvenewsite.camvaceng.com\/pl\/#website"},"primaryImageOfPage":{"@id":"http:\/\/www.cvenewsite.camvaceng.com\/pl\/aktualnosci-i-media\/studium-przypadku\/#primaryimage"},"image":{"@id":"http:\/\/www.cvenewsite.camvaceng.com\/pl\/aktualnosci-i-media\/studium-przypadku\/#primaryimage"},"thumbnailUrl":"http:\/\/www.cvenewsite.camvaceng.com\/wp-content\/uploads\/2021\/03\/Hero-Placeholder-scaled.jpeg","datePublished":"2021-03-10T16:32:03+00:00","dateModified":"2021-11-26T10:06:31+00:00","description":"W studiach przypadk\u00f3w opisano spawarki, kt\u00f3re zbudowali\u015bmy na zlecenie naszych klient\u00f3w. Wyja\u015bniamy, w jaki spos\u00f3b nasza fachowa wiedza prze\u0142o\u017cy\u0142a si\u0119 na usprawnienie ich proces\u00f3w oraz wp\u0142yw naszej dzia\u0142alno\u015bci na ca\u0142\u0105 bran\u017c\u0119.","breadcrumb":{"@id":"http:\/\/www.cvenewsite.camvaceng.com\/pl\/aktualnosci-i-media\/studium-przypadku\/#breadcrumb"},"inLanguage":"pl-PL","potentialAction":[{"@type":"ReadAction","target":["http:\/\/www.cvenewsite.camvaceng.com\/pl\/aktualnosci-i-media\/studium-przypadku\/"]}]},{"@type":"ImageObject","inLanguage":"pl-PL","@id":"http:\/\/www.cvenewsite.camvaceng.com\/pl\/aktualnosci-i-media\/studium-przypadku\/#primaryimage","url":"http:\/\/www.cvenewsite.camvaceng.com\/wp-content\/uploads\/2021\/03\/Hero-Placeholder-scaled.jpeg","contentUrl":"http:\/\/www.cvenewsite.camvaceng.com\/wp-content\/uploads\/2021\/03\/Hero-Placeholder-scaled.jpeg","width":2560,"height":1709},{"@type":"BreadcrumbList","@id":"http:\/\/www.cvenewsite.camvaceng.com\/pl\/aktualnosci-i-media\/studium-przypadku\/#breadcrumb","itemListElement":[{"@type":"ListItem","position":1,"name":"Home","item":"http:\/\/www.cvenewsite.camvaceng.com\/pl\/?lang=pl"},{"@type":"ListItem","position":2,"name":"Aktualno\u015bci i Media","item":"http:\/\/www.cvenewsite.camvaceng.com\/pl\/aktualnosci-i-media\/?lang=pl"},{"@type":"ListItem","position":3,"name":"Studium Przypadku"}]},{"@type":"WebSite","@id":"http:\/\/www.cvenewsite.camvaceng.com\/pl\/#website","url":"http:\/\/www.cvenewsite.camvaceng.com\/pl\/","name":"Cambridge Vacuum Engineering","description":"","publisher":{"@id":"http:\/\/www.cvenewsite.camvaceng.com\/pl\/#organization"},"potentialAction":[{"@type":"SearchAction","target":{"@type":"EntryPoint","urlTemplate":"http:\/\/www.cvenewsite.camvaceng.com\/pl\/?s={search_term_string}"},"query-input":{"@type":"PropertyValueSpecification","valueRequired":true,"valueName":"search_term_string"}}],"inLanguage":"pl-PL"},{"@type":"Organization","@id":"http:\/\/www.cvenewsite.camvaceng.com\/pl\/#organization","name":"Cambridge Vacuum Engineering","url":"http:\/\/www.cvenewsite.camvaceng.com\/pl\/","logo":{"@type":"ImageObject","inLanguage":"pl-PL","@id":"http:\/\/www.cvenewsite.camvaceng.com\/pl\/#\/schema\/logo\/image\/","url":"http:\/\/www.cvenewsite.camvaceng.com\/wp-content\/uploads\/2021\/04\/CamVacEngRGB.jpg","contentUrl":"http:\/\/www.cvenewsite.camvaceng.com\/wp-content\/uploads\/2021\/04\/CamVacEngRGB.jpg","width":1510,"height":807,"caption":"Cambridge Vacuum Engineering"},"image":{"@id":"http:\/\/www.cvenewsite.camvaceng.com\/pl\/#\/schema\/logo\/image\/"},"sameAs":["https:\/\/x.com\/CamVacEng","https:\/\/www.linkedin.com\/company\/20028971\/","https:\/\/www.youtube.com\/channel\/UCEKBjBKlxxfhIHoR22SD0Uw"]}]}},"_links":{"self":[{"href":"http:\/\/www.cvenewsite.camvaceng.com\/pl\/wp-json\/wp\/v2\/pages\/1437","targetHints":{"allow":["GET"]}}],"collection":[{"href":"http:\/\/www.cvenewsite.camvaceng.com\/pl\/wp-json\/wp\/v2\/pages"}],"about":[{"href":"http:\/\/www.cvenewsite.camvaceng.com\/pl\/wp-json\/wp\/v2\/types\/page"}],"author":[{"embeddable":true,"href":"http:\/\/www.cvenewsite.camvaceng.com\/pl\/wp-json\/wp\/v2\/users\/2"}],"replies":[{"embeddable":true,"href":"http:\/\/www.cvenewsite.camvaceng.com\/pl\/wp-json\/wp\/v2\/comments?post=1437"}],"version-history":[{"count":2,"href":"http:\/\/www.cvenewsite.camvaceng.com\/pl\/wp-json\/wp\/v2\/pages\/1437\/revisions"}],"predecessor-version":[{"id":3913,"href":"http:\/\/www.cvenewsite.camvaceng.com\/pl\/wp-json\/wp\/v2\/pages\/1437\/revisions\/3913"}],"up":[{"embeddable":true,"href":"http:\/\/www.cvenewsite.camvaceng.com\/pl\/wp-json\/wp\/v2\/pages\/1430"}],"wp:featuredmedia":[{"embeddable":true,"href":"http:\/\/www.cvenewsite.camvaceng.com\/pl\/wp-json\/wp\/v2\/media\/2518"}],"wp:attachment":[{"href":"http:\/\/www.cvenewsite.camvaceng.com\/pl\/wp-json\/wp\/v2\/media?parent=1437"}],"curies":[{"name":"wp","href":"https:\/\/api.w.org\/{rel}","templated":true}]}}