{"id":1430,"date":"2021-02-19T13:15:11","date_gmt":"2021-02-19T13:15:11","guid":{"rendered":"http:\/\/www.newsite.camvaceng.com\/news-and-media\/"},"modified":"2021-11-26T10:23:47","modified_gmt":"2021-11-26T10:23:47","slug":"aktualnosci-i-media","status":"publish","type":"page","link":"http:\/\/www.cvenewsite.camvaceng.com\/pl\/aktualnosci-i-media\/","title":{"rendered":"Aktualno\u015bci i Media"},"content":{"rendered":"<p>Na tej stronie znajd\u0105 Pa\u0144stwo wszystkie studia przypadk\u00f3w, informacje o wydarzeniach, arkusze danych, komunikaty prasowe i odpowiedzi na cz\u0119sto zadawane pytania (FAQ).<\/p>\n<p>Mog\u0105 Pa\u0144stwo subskrybowa\u0107 nasz biuletyn, aby na bie\u017c\u0105co otrzymywa\u0107 od nas najnowsze wiadomo\u015bci.<\/p>\n<p>Subskrypcji mo\u017cna dokona\u0107 tutaj:<\/p>\n","protected":false},"excerpt":{"rendered":"<p>Na tej stronie znajd\u0105 Pa\u0144stwo wszystkie studia przypadk\u00f3w, informacje o wydarzeniach, arkusze danych, komunikaty prasowe i odpowiedzi na cz\u0119sto zadawane pytania (FAQ). Mog\u0105 Pa\u0144stwo subskrybowa\u0107 nasz biuletyn, aby na bie\u017c\u0105co otrzymywa\u0107 od nas najnowsze wiadomo\u015bci. Subskrypcji mo\u017cna dokona\u0107 tutaj:<\/p>\n","protected":false},"author":2,"featured_media":3924,"parent":0,"menu_order":0,"comment_status":"closed","ping_status":"closed","template":"template-media.php","meta":{"footnotes":""},"class_list":["post-1430","page","type-page","status-publish","has-post-thumbnail","hentry"],"acf":[],"yoast_head":"<!-- This site is optimized with the Yoast SEO plugin v27.3 - https:\/\/yoast.com\/product\/yoast-seo-wordpress\/ -->\n<title>Aktualno\u015bci i Media - Cambridge Vacuum Engineering<\/title>\n<meta name=\"description\" content=\"Na tej stronie znajd\u0105 Pa\u0144stwo wszystkie studia przypadk\u00f3w, informacje o wydarzeniach, arkusze danych, komunikaty prasowe i odpowiedzi na cz\u0119sto zadawane pytania (FAQ).\" \/>\n<meta name=\"robots\" content=\"index, follow, max-snippet:-1, max-image-preview:large, max-video-preview:-1\" \/>\n<link rel=\"canonical\" href=\"http:\/\/www.cvenewsite.camvaceng.com\/pl\/aktualnosci-i-media\/\" \/>\n<meta property=\"og:locale\" content=\"pl_PL\" \/>\n<meta property=\"og:type\" content=\"article\" \/>\n<meta property=\"og:title\" content=\"Aktualno\u015bci i Media - Cambridge Vacuum Engineering\" \/>\n<meta property=\"og:description\" content=\"Na tej stronie znajd\u0105 Pa\u0144stwo wszystkie studia przypadk\u00f3w, informacje o wydarzeniach, arkusze danych, komunikaty prasowe i odpowiedzi na cz\u0119sto zadawane pytania (FAQ).\" \/>\n<meta property=\"og:url\" content=\"http:\/\/www.cvenewsite.camvaceng.com\/pl\/aktualnosci-i-media\/\" \/>\n<meta property=\"og:site_name\" content=\"Cambridge Vacuum Engineering\" \/>\n<meta property=\"article:modified_time\" content=\"2021-11-26T10:23:47+00:00\" \/>\n<meta property=\"og:image\" content=\"http:\/\/www.cvenewsite.camvaceng.com\/wp-content\/uploads\/2021\/11\/news-and-media-scaled.jpeg\" \/>\n\t<meta property=\"og:image:width\" content=\"2560\" \/>\n\t<meta property=\"og:image:height\" content=\"1709\" \/>\n\t<meta property=\"og:image:type\" content=\"image\/jpeg\" \/>\n<meta name=\"twitter:card\" content=\"summary_large_image\" \/>\n<meta name=\"twitter:site\" content=\"@CamVacEng\" \/>\n<meta name=\"twitter:label1\" content=\"Szacowany czas czytania\" \/>\n\t<meta name=\"twitter:data1\" content=\"1 minuta\" \/>\n<script type=\"application\/ld+json\" class=\"yoast-schema-graph\">{\"@context\":\"https:\\\/\\\/schema.org\",\"@graph\":[{\"@type\":\"WebPage\",\"@id\":\"http:\\\/\\\/www.cvenewsite.camvaceng.com\\\/pl\\\/aktualnosci-i-media\\\/\",\"url\":\"http:\\\/\\\/www.cvenewsite.camvaceng.com\\\/pl\\\/aktualnosci-i-media\\\/\",\"name\":\"Aktualno\u015bci i Media - Cambridge Vacuum Engineering\",\"isPartOf\":{\"@id\":\"http:\\\/\\\/www.cvenewsite.camvaceng.com\\\/pl\\\/#website\"},\"primaryImageOfPage\":{\"@id\":\"http:\\\/\\\/www.cvenewsite.camvaceng.com\\\/pl\\\/aktualnosci-i-media\\\/#primaryimage\"},\"image\":{\"@id\":\"http:\\\/\\\/www.cvenewsite.camvaceng.com\\\/pl\\\/aktualnosci-i-media\\\/#primaryimage\"},\"thumbnailUrl\":\"http:\\\/\\\/www.cvenewsite.camvaceng.com\\\/wp-content\\\/uploads\\\/2021\\\/11\\\/news-and-media-scaled.jpeg\",\"datePublished\":\"2021-02-19T13:15:11+00:00\",\"dateModified\":\"2021-11-26T10:23:47+00:00\",\"description\":\"Na tej stronie znajd\u0105 Pa\u0144stwo wszystkie studia przypadk\u00f3w, informacje o wydarzeniach, arkusze danych, komunikaty prasowe i odpowiedzi na cz\u0119sto zadawane pytania (FAQ).\",\"breadcrumb\":{\"@id\":\"http:\\\/\\\/www.cvenewsite.camvaceng.com\\\/pl\\\/aktualnosci-i-media\\\/#breadcrumb\"},\"inLanguage\":\"pl-PL\",\"potentialAction\":[{\"@type\":\"ReadAction\",\"target\":[\"http:\\\/\\\/www.cvenewsite.camvaceng.com\\\/pl\\\/aktualnosci-i-media\\\/\"]}]},{\"@type\":\"ImageObject\",\"inLanguage\":\"pl-PL\",\"@id\":\"http:\\\/\\\/www.cvenewsite.camvaceng.com\\\/pl\\\/aktualnosci-i-media\\\/#primaryimage\",\"url\":\"http:\\\/\\\/www.cvenewsite.camvaceng.com\\\/wp-content\\\/uploads\\\/2021\\\/11\\\/news-and-media-scaled.jpeg\",\"contentUrl\":\"http:\\\/\\\/www.cvenewsite.camvaceng.com\\\/wp-content\\\/uploads\\\/2021\\\/11\\\/news-and-media-scaled.jpeg\",\"width\":2560,\"height\":1709},{\"@type\":\"BreadcrumbList\",\"@id\":\"http:\\\/\\\/www.cvenewsite.camvaceng.com\\\/pl\\\/aktualnosci-i-media\\\/#breadcrumb\",\"itemListElement\":[{\"@type\":\"ListItem\",\"position\":1,\"name\":\"Home\",\"item\":\"http:\\\/\\\/www.cvenewsite.camvaceng.com\\\/pl\\\/?lang=pl\"},{\"@type\":\"ListItem\",\"position\":2,\"name\":\"Aktualno\u015bci i Media\"}]},{\"@type\":\"WebSite\",\"@id\":\"http:\\\/\\\/www.cvenewsite.camvaceng.com\\\/pl\\\/#website\",\"url\":\"http:\\\/\\\/www.cvenewsite.camvaceng.com\\\/pl\\\/\",\"name\":\"Cambridge Vacuum Engineering\",\"description\":\"\",\"publisher\":{\"@id\":\"http:\\\/\\\/www.cvenewsite.camvaceng.com\\\/pl\\\/#organization\"},\"potentialAction\":[{\"@type\":\"SearchAction\",\"target\":{\"@type\":\"EntryPoint\",\"urlTemplate\":\"http:\\\/\\\/www.cvenewsite.camvaceng.com\\\/pl\\\/?s={search_term_string}\"},\"query-input\":{\"@type\":\"PropertyValueSpecification\",\"valueRequired\":true,\"valueName\":\"search_term_string\"}}],\"inLanguage\":\"pl-PL\"},{\"@type\":\"Organization\",\"@id\":\"http:\\\/\\\/www.cvenewsite.camvaceng.com\\\/pl\\\/#organization\",\"name\":\"Cambridge Vacuum Engineering\",\"url\":\"http:\\\/\\\/www.cvenewsite.camvaceng.com\\\/pl\\\/\",\"logo\":{\"@type\":\"ImageObject\",\"inLanguage\":\"pl-PL\",\"@id\":\"http:\\\/\\\/www.cvenewsite.camvaceng.com\\\/pl\\\/#\\\/schema\\\/logo\\\/image\\\/\",\"url\":\"http:\\\/\\\/www.cvenewsite.camvaceng.com\\\/wp-content\\\/uploads\\\/2021\\\/04\\\/CamVacEngRGB.jpg\",\"contentUrl\":\"http:\\\/\\\/www.cvenewsite.camvaceng.com\\\/wp-content\\\/uploads\\\/2021\\\/04\\\/CamVacEngRGB.jpg\",\"width\":1510,\"height\":807,\"caption\":\"Cambridge Vacuum Engineering\"},\"image\":{\"@id\":\"http:\\\/\\\/www.cvenewsite.camvaceng.com\\\/pl\\\/#\\\/schema\\\/logo\\\/image\\\/\"},\"sameAs\":[\"https:\\\/\\\/x.com\\\/CamVacEng\",\"https:\\\/\\\/www.linkedin.com\\\/company\\\/20028971\\\/\",\"https:\\\/\\\/www.youtube.com\\\/channel\\\/UCEKBjBKlxxfhIHoR22SD0Uw\"]}]}<\/script>\n<!-- \/ Yoast SEO plugin. -->","yoast_head_json":{"title":"Aktualno\u015bci i Media - Cambridge Vacuum Engineering","description":"Na tej stronie znajd\u0105 Pa\u0144stwo wszystkie studia przypadk\u00f3w, informacje o wydarzeniach, arkusze danych, komunikaty prasowe i odpowiedzi na cz\u0119sto zadawane pytania (FAQ).","robots":{"index":"index","follow":"follow","max-snippet":"max-snippet:-1","max-image-preview":"max-image-preview:large","max-video-preview":"max-video-preview:-1"},"canonical":"http:\/\/www.cvenewsite.camvaceng.com\/pl\/aktualnosci-i-media\/","og_locale":"pl_PL","og_type":"article","og_title":"Aktualno\u015bci i Media - Cambridge Vacuum Engineering","og_description":"Na tej stronie znajd\u0105 Pa\u0144stwo wszystkie studia przypadk\u00f3w, informacje o wydarzeniach, arkusze danych, komunikaty prasowe i odpowiedzi na cz\u0119sto zadawane pytania (FAQ).","og_url":"http:\/\/www.cvenewsite.camvaceng.com\/pl\/aktualnosci-i-media\/","og_site_name":"Cambridge Vacuum Engineering","article_modified_time":"2021-11-26T10:23:47+00:00","og_image":[{"width":2560,"height":1709,"url":"http:\/\/www.cvenewsite.camvaceng.com\/wp-content\/uploads\/2021\/11\/news-and-media-scaled.jpeg","type":"image\/jpeg"}],"twitter_card":"summary_large_image","twitter_site":"@CamVacEng","twitter_misc":{"Szacowany czas czytania":"1 minuta"},"schema":{"@context":"https:\/\/schema.org","@graph":[{"@type":"WebPage","@id":"http:\/\/www.cvenewsite.camvaceng.com\/pl\/aktualnosci-i-media\/","url":"http:\/\/www.cvenewsite.camvaceng.com\/pl\/aktualnosci-i-media\/","name":"Aktualno\u015bci i Media - Cambridge Vacuum Engineering","isPartOf":{"@id":"http:\/\/www.cvenewsite.camvaceng.com\/pl\/#website"},"primaryImageOfPage":{"@id":"http:\/\/www.cvenewsite.camvaceng.com\/pl\/aktualnosci-i-media\/#primaryimage"},"image":{"@id":"http:\/\/www.cvenewsite.camvaceng.com\/pl\/aktualnosci-i-media\/#primaryimage"},"thumbnailUrl":"http:\/\/www.cvenewsite.camvaceng.com\/wp-content\/uploads\/2021\/11\/news-and-media-scaled.jpeg","datePublished":"2021-02-19T13:15:11+00:00","dateModified":"2021-11-26T10:23:47+00:00","description":"Na tej stronie znajd\u0105 Pa\u0144stwo wszystkie studia przypadk\u00f3w, informacje o wydarzeniach, arkusze danych, komunikaty prasowe i odpowiedzi na cz\u0119sto zadawane pytania (FAQ).","breadcrumb":{"@id":"http:\/\/www.cvenewsite.camvaceng.com\/pl\/aktualnosci-i-media\/#breadcrumb"},"inLanguage":"pl-PL","potentialAction":[{"@type":"ReadAction","target":["http:\/\/www.cvenewsite.camvaceng.com\/pl\/aktualnosci-i-media\/"]}]},{"@type":"ImageObject","inLanguage":"pl-PL","@id":"http:\/\/www.cvenewsite.camvaceng.com\/pl\/aktualnosci-i-media\/#primaryimage","url":"http:\/\/www.cvenewsite.camvaceng.com\/wp-content\/uploads\/2021\/11\/news-and-media-scaled.jpeg","contentUrl":"http:\/\/www.cvenewsite.camvaceng.com\/wp-content\/uploads\/2021\/11\/news-and-media-scaled.jpeg","width":2560,"height":1709},{"@type":"BreadcrumbList","@id":"http:\/\/www.cvenewsite.camvaceng.com\/pl\/aktualnosci-i-media\/#breadcrumb","itemListElement":[{"@type":"ListItem","position":1,"name":"Home","item":"http:\/\/www.cvenewsite.camvaceng.com\/pl\/?lang=pl"},{"@type":"ListItem","position":2,"name":"Aktualno\u015bci i Media"}]},{"@type":"WebSite","@id":"http:\/\/www.cvenewsite.camvaceng.com\/pl\/#website","url":"http:\/\/www.cvenewsite.camvaceng.com\/pl\/","name":"Cambridge Vacuum Engineering","description":"","publisher":{"@id":"http:\/\/www.cvenewsite.camvaceng.com\/pl\/#organization"},"potentialAction":[{"@type":"SearchAction","target":{"@type":"EntryPoint","urlTemplate":"http:\/\/www.cvenewsite.camvaceng.com\/pl\/?s={search_term_string}"},"query-input":{"@type":"PropertyValueSpecification","valueRequired":true,"valueName":"search_term_string"}}],"inLanguage":"pl-PL"},{"@type":"Organization","@id":"http:\/\/www.cvenewsite.camvaceng.com\/pl\/#organization","name":"Cambridge Vacuum Engineering","url":"http:\/\/www.cvenewsite.camvaceng.com\/pl\/","logo":{"@type":"ImageObject","inLanguage":"pl-PL","@id":"http:\/\/www.cvenewsite.camvaceng.com\/pl\/#\/schema\/logo\/image\/","url":"http:\/\/www.cvenewsite.camvaceng.com\/wp-content\/uploads\/2021\/04\/CamVacEngRGB.jpg","contentUrl":"http:\/\/www.cvenewsite.camvaceng.com\/wp-content\/uploads\/2021\/04\/CamVacEngRGB.jpg","width":1510,"height":807,"caption":"Cambridge Vacuum Engineering"},"image":{"@id":"http:\/\/www.cvenewsite.camvaceng.com\/pl\/#\/schema\/logo\/image\/"},"sameAs":["https:\/\/x.com\/CamVacEng","https:\/\/www.linkedin.com\/company\/20028971\/","https:\/\/www.youtube.com\/channel\/UCEKBjBKlxxfhIHoR22SD0Uw"]}]}},"_links":{"self":[{"href":"http:\/\/www.cvenewsite.camvaceng.com\/pl\/wp-json\/wp\/v2\/pages\/1430","targetHints":{"allow":["GET"]}}],"collection":[{"href":"http:\/\/www.cvenewsite.camvaceng.com\/pl\/wp-json\/wp\/v2\/pages"}],"about":[{"href":"http:\/\/www.cvenewsite.camvaceng.com\/pl\/wp-json\/wp\/v2\/types\/page"}],"author":[{"embeddable":true,"href":"http:\/\/www.cvenewsite.camvaceng.com\/pl\/wp-json\/wp\/v2\/users\/2"}],"replies":[{"embeddable":true,"href":"http:\/\/www.cvenewsite.camvaceng.com\/pl\/wp-json\/wp\/v2\/comments?post=1430"}],"version-history":[{"count":3,"href":"http:\/\/www.cvenewsite.camvaceng.com\/pl\/wp-json\/wp\/v2\/pages\/1430\/revisions"}],"predecessor-version":[{"id":3927,"href":"http:\/\/www.cvenewsite.camvaceng.com\/pl\/wp-json\/wp\/v2\/pages\/1430\/revisions\/3927"}],"wp:featuredmedia":[{"embeddable":true,"href":"http:\/\/www.cvenewsite.camvaceng.com\/pl\/wp-json\/wp\/v2\/media\/3924"}],"wp:attachment":[{"href":"http:\/\/www.cvenewsite.camvaceng.com\/pl\/wp-json\/wp\/v2\/media?parent=1430"}],"curies":[{"name":"wp","href":"https:\/\/api.w.org\/{rel}","templated":true}]}}