{"id":1422,"date":"2021-02-19T13:15:19","date_gmt":"2021-02-19T13:15:19","guid":{"rendered":"http:\/\/www.newsite.camvaceng.com\/contact-us\/"},"modified":"2022-10-12T15:46:08","modified_gmt":"2022-10-12T15:46:08","slug":"zapraszamy-do-kontaktu-z-nami","status":"publish","type":"page","link":"http:\/\/www.cvenewsite.camvaceng.com\/pl\/zapraszamy-do-kontaktu-z-nami\/","title":{"rendered":"Zapraszamy Do Kontaktu Z Nami"},"content":{"rendered":"<div role=\"form\" class=\"wpcf7\" id=\"wpcf7-f2654-o1\" lang=\"en-US\" dir=\"ltr\">\n<div class=\"screen-reader-response\"><p role=\"status\" aria-live=\"polite\" aria-atomic=\"true\"><\/p> <ul><\/ul><\/div>\n<form action=\"\/pl\/wp-json\/wp\/v2\/pages\/1422#wpcf7-f2654-o1\" method=\"post\" class=\"wpcf7-form init\" enctype=\"multipart\/form-data\" novalidate=\"novalidate\" data-status=\"init\">\n<div style=\"display: none;\">\n<input type=\"hidden\" name=\"_wpcf7\" value=\"2654\" \/>\n<input type=\"hidden\" name=\"_wpcf7_version\" value=\"5.6.4\" \/>\n<input type=\"hidden\" name=\"_wpcf7_locale\" value=\"en_US\" \/>\n<input type=\"hidden\" name=\"_wpcf7_unit_tag\" value=\"wpcf7-f2654-o1\" \/>\n<input type=\"hidden\" name=\"_wpcf7_container_post\" value=\"0\" \/>\n<input type=\"hidden\" name=\"_wpcf7_posted_data_hash\" value=\"\" \/>\n<input type=\"hidden\" name=\"_wpcf7_recaptcha_response\" value=\"\" \/>\n<\/div>\n<div class=\"container\">\n<div class=\"row\">\n<div class=\"col-lg-12\">\n<h5 class=\"section-title dc-content\" style=\"text-transform: uppercase; margin-bottom: 0; font-size: 20px;\">Contact Form<\/h5>\n<p style=\"margin-top: 10px;\">Please select your section and fill out the form below.<\/p>\n<\/div>\n<\/div>\n<div class=\"row\">\n<div class=\"col-lg-4\"><label> Section*<br \/>\n<span class=\"wpcf7-form-control-wrap\" data-name=\"your-section\"><select name=\"your-section\" class=\"wpcf7-form-control wpcf7-select wpcf7-validates-as-required form-control w100\" aria-required=\"true\" aria-invalid=\"false\"><option value=\"Sales\">Sales<\/option><option value=\"Service and After-sales\">Service and After-sales<\/option><\/select><\/span> <\/label>\n<\/div>\n<div class=\"col-lg-4\"><label> Nazwa*<br \/>\n    <span class=\"wpcf7-form-control-wrap\" data-name=\"your-name\"><input type=\"text\" name=\"your-name\" value=\"\" size=\"130\" class=\"wpcf7-form-control wpcf7-text wpcf7-validates-as-required\" aria-required=\"true\" aria-invalid=\"false\" \/><\/span> <\/label>\n<\/div>\n<div class=\"col-lg-4\"><label> Sp\u00f3\u0142ka*<br \/>\n    <span class=\"wpcf7-form-control-wrap\" data-name=\"your-company\"><input type=\"text\" name=\"your-company\" value=\"\" size=\"130\" class=\"wpcf7-form-control wpcf7-text wpcf7-validates-as-required\" aria-required=\"true\" aria-invalid=\"false\" \/><\/span> <\/label>\n<\/div>\n<\/div>\n<div class=\"row\">\n<div class=\"col-lg-4\"><label> Kraj*<br \/>\n<span class=\"wpcf7-form-control-wrap\" data-name=\"menu-country\"><select name=\"menu-country\" class=\"wpcf7-form-control wpcf7-select form-control w100\" aria-invalid=\"false\"><option value=\"Afganistan\">Afganistan<\/option><option value=\"Albania\">Albania<\/option><option value=\"Algieria\">Algieria<\/option><option value=\"Andora\">Andora<\/option><option value=\"Angola\">Angola<\/option><option value=\"Antigua i Barbuda\">Antigua i Barbuda<\/option><option value=\"Argentyna\">Argentyna<\/option><option value=\"Armenia\">Armenia<\/option><option value=\"Australia\">Australia<\/option><option value=\"Austria\">Austria<\/option><option value=\"Azerbejd\u017can\">Azerbejd\u017can<\/option><option value=\"Bahamy\">Bahamy<\/option><option value=\"Bahrajn\">Bahrajn<\/option><option value=\"Bangladesz\">Bangladesz<\/option><option value=\"Barbados\">Barbados<\/option><option value=\"Bia\u0142oru\u015b\">Bia\u0142oru\u015b<\/option><option value=\"Belgia\">Belgia<\/option><option value=\"Belize\">Belize<\/option><option value=\"Benin\">Benin<\/option><option value=\"Bhutan\">Bhutan<\/option><option value=\"Boliwia\">Boliwia<\/option><option value=\"Bo\u015bnia i Hercegowina\">Bo\u015bnia i Hercegowina<\/option><option value=\"Botswana\">Botswana<\/option><option value=\"Brazylia\">Brazylia<\/option><option value=\"Brunei\">Brunei<\/option><option value=\"Bu\u0142garia\">Bu\u0142garia<\/option><option value=\"Burkina Faso\">Burkina Faso<\/option><option value=\"Burundi\">Burundi<\/option><option value=\"Kambod\u017ca\">Kambod\u017ca<\/option><option value=\"Kamerun\">Kamerun<\/option><option value=\"Kanada\">Kanada<\/option><option value=\"Zielony Przyl\u0105dek\">Zielony Przyl\u0105dek<\/option><option value=\"Republika \u015arodkowoafryka\u0144ska\">Republika \u015arodkowoafryka\u0144ska<\/option><option value=\"Czad\">Czad<\/option><option value=\"Chile\">Chile<\/option><option value=\"Chiny\">Chiny<\/option><option value=\"Kolumbia\">Kolumbia<\/option><option value=\"Komory\">Komory<\/option><option value=\"Kongo, Republika\">Kongo, Republika<\/option><option value=\"Kongo, Demokratyczna Republika\">Kongo, Demokratyczna Republika<\/option><option value=\"Kostaryka\">Kostaryka<\/option><option value=\"Wybrze\u017ce Ko\u015bci S\u0142oniowej\">Wybrze\u017ce Ko\u015bci S\u0142oniowej<\/option><option value=\"Chorwacja\">Chorwacja<\/option><option value=\"Kuba\">Kuba<\/option><option value=\"Cypr\">Cypr<\/option><option value=\"Czechy\">Czechy<\/option><option value=\"Dania\">Dania<\/option><option value=\"D\u017cibuti\">D\u017cibuti<\/option><option value=\"Dominika\">Dominika<\/option><option value=\"Dominikana\">Dominikana<\/option><option value=\"Timor Wschodni (Timor Wschodni)\">Timor Wschodni (Timor Wschodni)<\/option><option value=\"Ekwador\">Ekwador<\/option><option value=\"Egipt\">Egipt<\/option><option value=\"Salwador\">Salwador<\/option><option value=\"Gwinea R\u00f3wnikowa\">Gwinea R\u00f3wnikowa<\/option><option value=\"Erytrea\">Erytrea<\/option><option value=\"Estonia\">Estonia<\/option><option value=\"Etiopia\">Etiopia<\/option><option value=\"Fid\u017ci\">Fid\u017ci<\/option><option value=\"Finlandia\">Finlandia<\/option><option value=\"Francja\">Francja<\/option><option value=\"Gabon\">Gabon<\/option><option value=\"Gambia\">Gambia<\/option><option value=\"Gruzja\">Gruzja<\/option><option value=\"Niemcy\">Niemcy<\/option><option value=\"Ghana\">Ghana<\/option><option value=\"Grecja\">Grecja<\/option><option value=\"Grenada\">Grenada<\/option><option value=\"Gwatemala\">Gwatemala<\/option><option value=\"Gwinea\">Gwinea<\/option><option value=\"Gwinea Bissau\">Gwinea Bissau<\/option><option value=\"Gujana\">Gujana<\/option><option value=\"Haiti\">Haiti<\/option><option value=\"Honduras\">Honduras<\/option><option value=\"W\u0119gry\">W\u0119gry<\/option><option value=\"Islandia\">Islandia<\/option><option value=\"Indie\">Indie<\/option><option value=\"Indonezja\">Indonezja<\/option><option value=\"Iran\">Iran<\/option><option value=\"Irak\">Irak<\/option><option value=\"Irlandia\">Irlandia<\/option><option value=\"Izrael\">Izrael<\/option><option value=\"W\u0142ochy\">W\u0142ochy<\/option><option value=\"Jamajka\">Jamajka<\/option><option value=\"Japonia\">Japonia<\/option><option value=\"Jordania\">Jordania<\/option><option value=\"Kazachstan\">Kazachstan<\/option><option value=\"Kenia\">Kenia<\/option><option value=\"Kiribati\">Kiribati<\/option><option value=\"Korea P\u00f3\u0142nocna\">Korea P\u00f3\u0142nocna<\/option><option value=\"Korea Po\u0142udniowa\">Korea Po\u0142udniowa<\/option><option value=\"Kosowo\">Kosowo<\/option><option value=\"Kuwejt\">Kuwejt<\/option><option value=\"Kirgistan\">Kirgistan<\/option><option value=\"Laos\">Laos<\/option><option value=\"\u0141otwa\">\u0141otwa<\/option><option value=\"Liban\">Liban<\/option><option value=\"Lesotho\">Lesotho<\/option><option value=\"Liberia\">Liberia<\/option><option value=\"Libia\">Libia<\/option><option value=\"Liechtenstein\">Liechtenstein<\/option><option value=\"Litwa\">Litwa<\/option><option value=\"Luksemburg\">Luksemburg<\/option><option value=\"Macedonia\">Macedonia<\/option><option value=\"Madagaskar\">Madagaskar<\/option><option value=\"Malawi\">Malawi<\/option><option value=\"Malezja\">Malezja<\/option><option value=\"Malediwy\">Malediwy<\/option><option value=\"Mali\">Mali<\/option><option value=\"Malta\">Malta<\/option><option value=\"Wyspy Marshalla\">Wyspy Marshalla<\/option><option value=\"Mauretania\">Mauretania<\/option><option value=\"Mauritius\">Mauritius<\/option><option value=\"Meksyk\">Meksyk<\/option><option value=\"Mikronezja, Sfederowane Stany\">Mikronezja, Sfederowane Stany<\/option><option value=\"Mo\u0142dawia\">Mo\u0142dawia<\/option><option value=\"Monako\">Monako<\/option><option value=\"Mongolia\">Mongolia<\/option><option value=\"Czarnog\u00f3ra\">Czarnog\u00f3ra<\/option><option value=\"Maroko\">Maroko<\/option><option value=\"Mozambik\">Mozambik<\/option><option value=\"Myanmar (Birma)\">Myanmar (Birma)<\/option><option value=\"Namibia\">Namibia<\/option><option value=\"Nauru\">Nauru<\/option><option value=\"Nepal\">Nepal<\/option><option value=\"Holandia\">Holandia<\/option><option value=\"Nowa Zelandia\">Nowa Zelandia<\/option><option value=\"Nikaragua\">Nikaragua<\/option><option value=\"Niger\">Niger<\/option><option value=\"Nigeria\">Nigeria<\/option><option value=\"Norwegia\">Norwegia<\/option><option value=\"Oman\">Oman<\/option><option value=\"Pakistan\">Pakistan<\/option><option value=\"Palau\">Palau<\/option><option value=\"Panama\">Panama<\/option><option value=\"Papua-Nowa Gwinea\">Papua-Nowa Gwinea<\/option><option value=\"Paragwaj\">Paragwaj<\/option><option value=\"Peru\">Peru<\/option><option value=\"Filipiny\">Filipiny<\/option><option value=\"Polska\">Polska<\/option><option value=\"Portugalia\">Portugalia<\/option><option value=\"Katar\">Katar<\/option><option value=\"Rumunia\">Rumunia<\/option><option value=\"Rosja\">Rosja<\/option><option value=\"Rwanda\">Rwanda<\/option><option value=\"Saint Kitts i Nevis\">Saint Kitts i Nevis<\/option><option value=\"Saint Lucia\">Saint Lucia<\/option><option value=\"Saint Vincent i Grenadyny\">Saint Vincent i Grenadyny<\/option><option value=\"Samoa\">Samoa<\/option><option value=\"San Marino\">San Marino<\/option><option value=\"Ksi\u0105\u017c\u0119ca\">Ksi\u0105\u017c\u0119ca<\/option><option value=\"Arabia Saudyjska\">Arabia Saudyjska<\/option><option value=\"Senegal\">Senegal<\/option><option value=\"Serbia\">Serbia<\/option><option value=\"Seszele\">Seszele<\/option><option value=\"Sierra Leone\">Sierra Leone<\/option><option value=\"Singapur\">Singapur<\/option><option value=\"S\u0142owacja\">S\u0142owacja<\/option><option value=\"S\u0142owenia\">S\u0142owenia<\/option><option value=\"Wyspy Salomona\">Wyspy Salomona<\/option><option value=\"Somalia\">Somalia<\/option><option value=\"Republika Po\u0142udniowej Afryki\">Republika Po\u0142udniowej Afryki<\/option><option value=\"Sudan Po\u0142udniowy\">Sudan Po\u0142udniowy<\/option><option value=\"Hiszpania\">Hiszpania<\/option><option value=\"Sri Lanka\">Sri Lanka<\/option><option value=\"Sudan\">Sudan<\/option><option value=\"Surinam\">Surinam<\/option><option value=\"Suazi\">Suazi<\/option><option value=\"Szwecja\">Szwecja<\/option><option value=\"Szwajcaria\">Szwajcaria<\/option><option value=\"Syria\">Syria<\/option><option value=\"Tajwan\">Tajwan<\/option><option value=\"Tad\u017cykistan\">Tad\u017cykistan<\/option><option value=\"Tanzania\">Tanzania<\/option><option value=\"Tajlandia\">Tajlandia<\/option><option value=\"Togo\">Togo<\/option><option value=\"Tonga\">Tonga<\/option><option value=\"Trynidad i Tobago\">Trynidad i Tobago<\/option><option value=\"Tunezja\">Tunezja<\/option><option value=\"Turcja\">Turcja<\/option><option value=\"Turkmenistan\">Turkmenistan<\/option><option value=\"Tuvalu\">Tuvalu<\/option><option value=\"Uganda\">Uganda<\/option><option value=\"Ukraina\">Ukraina<\/option><option value=\"Zjednoczone Emiraty Arabskie\">Zjednoczone Emiraty Arabskie<\/option><option value=\"Wielka Brytania\">Wielka Brytania<\/option><option value=\"Stany Zjednoczone Ameryki\">Stany Zjednoczone Ameryki<\/option><option value=\"Urugwaj\">Urugwaj<\/option><option value=\"Uzbekistan\">Uzbekistan<\/option><option value=\"Vanuatu\">Vanuatu<\/option><option value=\"Watykan (Stolica Apostolska)\">Watykan (Stolica Apostolska)<\/option><option value=\"Wenezuela\">Wenezuela<\/option><option value=\"Wietnam\">Wietnam<\/option><option value=\"Jemen\">Jemen<\/option><option value=\"Zambia\">Zambia<\/option><option value=\"Zimbabwe\">Zimbabwe<\/option><\/select><\/span> <\/label><\/div>\n<div class=\"col-lg-4\"><label> E-mail*<br \/>\n    <span class=\"wpcf7-form-control-wrap\" data-name=\"your-email\"><input type=\"email\" name=\"your-email\" value=\"\" size=\"130\" class=\"wpcf7-form-control wpcf7-text wpcf7-email wpcf7-validates-as-required wpcf7-validates-as-email\" aria-required=\"true\" aria-invalid=\"false\" \/><\/span> <\/label><\/div>\n<div class=\"col-lg-4\"><label> Telefon<br \/>\n    <span class=\"wpcf7-form-control-wrap\" data-name=\"your-phone\"><input type=\"tel\" name=\"your-phone\" value=\"\" size=\"130\" class=\"wpcf7-form-control wpcf7-text wpcf7-tel wpcf7-validates-as-tel\" aria-invalid=\"false\" \/><\/span> <\/label><\/div>\n<\/div>\n<div class=\"row\">\n<div class=\"col-lg-4\">\n<label> Proces spawania<br \/>\n<span class=\"wpcf7-form-control-wrap\" data-name=\"menu-weldprocess\"><select name=\"menu-weldprocess\" class=\"wpcf7-form-control wpcf7-select form-control w100\" aria-invalid=\"false\"><option value=\"Spawania elektronowego\">Spawania elektronowego<\/option><option value=\"Spawania laserowego\">Spawania laserowego<\/option><option value=\"Spawanie laserowe w pr\u00f3\u017cni\">Spawanie laserowe w pr\u00f3\u017cni<\/option><option value=\"Ebflow\">Ebflow<\/option><option value=\"Eblow Light\">Eblow Light<\/option><option value=\"Modyfikacja powierzchni\">Modyfikacja powierzchni<\/option><\/select><\/span> <\/label><\/div>\n<div class=\"col-lg-4\"><label>Machine Serial Number<br \/>\n    <span class=\"wpcf7-form-control-wrap\" data-name=\"your-serialnumber\"><input type=\"text\" name=\"your-serialnumber\" value=\"\" size=\"130\" class=\"wpcf7-form-control wpcf7-text\" aria-invalid=\"false\" \/><\/span> <\/label><\/div>\n<div class=\"col-lg-4\"><label> Wymiary komponent\u00f3w<br \/>\n    <span class=\"wpcf7-form-control-wrap\" data-name=\"your-component\"><input type=\"text\" name=\"your-component\" value=\"\" size=\"130\" class=\"wpcf7-form-control wpcf7-text\" aria-invalid=\"false\" \/><\/span> <\/label><\/div>\n<\/div>\n<div class=\"row\">\n<div class=\"col-lg-12\">\n<label> Dodatkowe informacje<br \/>\n    <span class=\"wpcf7-form-control-wrap\" data-name=\"your-message\"><textarea name=\"your-message\" cols=\"130\" rows=\"10\" class=\"wpcf7-form-control wpcf7-textarea\" aria-invalid=\"false\"><\/textarea><\/span> <\/label><\/div>\n<\/div>\n<div class=\"row\">\n<div class=\"col-lg-12\">\n<div class=\"upload-wrap\"> <span>Prze\u015blij informacje, zdj\u0119cia lub rysunki <\/span> <label class=\"custom-file-upload\" for=\"cv-upload\"> Do\u0142\u0105cza\u0107<\/label> <span class=\"file-uploaded\"><\/span> <span class=\"wpcf7-form-control-wrap\" data-name=\"cv-upload\"><input type=\"file\" name=\"cv-upload\" size=\"40\" class=\"wpcf7-form-control wpcf7-file cv-upload\" id=\"cv-upload\" accept=\".pdf,.doc,.docx,.jpg,.dxf,.stp\" aria-invalid=\"false\" \/><\/span> <\/div>\n<\/div>\n<\/div>\n<div class=\"row\">\n<div class=\"col-lg-12 mt-3\">\n<input type=\"submit\" value=\"Submit\" class=\"wpcf7-form-control has-spinner wpcf7-submit btn btn-primary\" \/>\n<\/div>\n<\/div>\n<\/div>\n<\/div>\n<div class=\"wpcf7-response-output\" aria-hidden=\"true\"><\/div><\/form><\/div>\n","protected":false},"excerpt":{"rendered":"","protected":false},"author":2,"featured_media":4473,"parent":0,"menu_order":0,"comment_status":"closed","ping_status":"closed","template":"template-contact.php","meta":{"footnotes":""},"class_list":["post-1422","page","type-page","status-publish","has-post-thumbnail","hentry"],"acf":[],"yoast_head":"<!-- This site is optimized with the Yoast SEO plugin v27.3 - https:\/\/yoast.com\/product\/yoast-seo-wordpress\/ -->\n<title>Zapraszamy Do Kontaktu Z Nami - Cambridge Vacuum Engineering<\/title>\n<meta name=\"description\" content=\"Pembroke Avenue, Waterbeach, Cambridge, CB25 9QX, United Kingdom. E-mail: sales@camvaceng.com. Telefon: +44 (0) 1223 863481.\" \/>\n<meta name=\"robots\" content=\"index, follow, max-snippet:-1, max-image-preview:large, max-video-preview:-1\" \/>\n<link rel=\"canonical\" href=\"http:\/\/www.cvenewsite.camvaceng.com\/pl\/zapraszamy-do-kontaktu-z-nami\/\" \/>\n<meta property=\"og:locale\" content=\"pl_PL\" \/>\n<meta property=\"og:type\" content=\"article\" \/>\n<meta property=\"og:title\" content=\"Zapraszamy Do Kontaktu Z Nami - Cambridge Vacuum Engineering\" \/>\n<meta property=\"og:description\" content=\"Pembroke Avenue, Waterbeach, Cambridge, CB25 9QX, United Kingdom. E-mail: sales@camvaceng.com. Telefon: +44 (0) 1223 863481.\" \/>\n<meta property=\"og:url\" content=\"http:\/\/www.cvenewsite.camvaceng.com\/pl\/zapraszamy-do-kontaktu-z-nami\/\" \/>\n<meta property=\"og:site_name\" content=\"Cambridge Vacuum Engineering\" \/>\n<meta property=\"article:modified_time\" content=\"2022-10-12T15:46:08+00:00\" \/>\n<meta property=\"og:image\" content=\"http:\/\/www.cvenewsite.camvaceng.com\/wp-content\/uploads\/2022\/02\/contact-us.png\" \/>\n\t<meta property=\"og:image:width\" content=\"2000\" \/>\n\t<meta property=\"og:image:height\" content=\"1420\" \/>\n\t<meta property=\"og:image:type\" content=\"image\/png\" \/>\n<meta name=\"twitter:card\" content=\"summary_large_image\" \/>\n<meta name=\"twitter:site\" content=\"@CamVacEng\" \/>\n<script type=\"application\/ld+json\" class=\"yoast-schema-graph\">{\"@context\":\"https:\\\/\\\/schema.org\",\"@graph\":[{\"@type\":\"WebPage\",\"@id\":\"http:\\\/\\\/www.cvenewsite.camvaceng.com\\\/pl\\\/zapraszamy-do-kontaktu-z-nami\\\/\",\"url\":\"http:\\\/\\\/www.cvenewsite.camvaceng.com\\\/pl\\\/zapraszamy-do-kontaktu-z-nami\\\/\",\"name\":\"Zapraszamy Do Kontaktu Z Nami - Cambridge Vacuum Engineering\",\"isPartOf\":{\"@id\":\"http:\\\/\\\/www.cvenewsite.camvaceng.com\\\/pl\\\/#website\"},\"primaryImageOfPage\":{\"@id\":\"http:\\\/\\\/www.cvenewsite.camvaceng.com\\\/pl\\\/zapraszamy-do-kontaktu-z-nami\\\/#primaryimage\"},\"image\":{\"@id\":\"http:\\\/\\\/www.cvenewsite.camvaceng.com\\\/pl\\\/zapraszamy-do-kontaktu-z-nami\\\/#primaryimage\"},\"thumbnailUrl\":\"http:\\\/\\\/www.cvenewsite.camvaceng.com\\\/wp-content\\\/uploads\\\/2022\\\/02\\\/contact-us.png\",\"datePublished\":\"2021-02-19T13:15:19+00:00\",\"dateModified\":\"2022-10-12T15:46:08+00:00\",\"description\":\"Pembroke Avenue, Waterbeach, Cambridge, CB25 9QX, United Kingdom. E-mail: sales@camvaceng.com. Telefon: +44 (0) 1223 863481.\",\"breadcrumb\":{\"@id\":\"http:\\\/\\\/www.cvenewsite.camvaceng.com\\\/pl\\\/zapraszamy-do-kontaktu-z-nami\\\/#breadcrumb\"},\"inLanguage\":\"pl-PL\",\"potentialAction\":[{\"@type\":\"ReadAction\",\"target\":[\"http:\\\/\\\/www.cvenewsite.camvaceng.com\\\/pl\\\/zapraszamy-do-kontaktu-z-nami\\\/\"]}]},{\"@type\":\"ImageObject\",\"inLanguage\":\"pl-PL\",\"@id\":\"http:\\\/\\\/www.cvenewsite.camvaceng.com\\\/pl\\\/zapraszamy-do-kontaktu-z-nami\\\/#primaryimage\",\"url\":\"http:\\\/\\\/www.cvenewsite.camvaceng.com\\\/wp-content\\\/uploads\\\/2022\\\/02\\\/contact-us.png\",\"contentUrl\":\"http:\\\/\\\/www.cvenewsite.camvaceng.com\\\/wp-content\\\/uploads\\\/2022\\\/02\\\/contact-us.png\",\"width\":2000,\"height\":1420},{\"@type\":\"BreadcrumbList\",\"@id\":\"http:\\\/\\\/www.cvenewsite.camvaceng.com\\\/pl\\\/zapraszamy-do-kontaktu-z-nami\\\/#breadcrumb\",\"itemListElement\":[{\"@type\":\"ListItem\",\"position\":1,\"name\":\"Home\",\"item\":\"http:\\\/\\\/www.cvenewsite.camvaceng.com\\\/pl\\\/?lang=pl\"},{\"@type\":\"ListItem\",\"position\":2,\"name\":\"Zapraszamy Do Kontaktu Z Nami\"}]},{\"@type\":\"WebSite\",\"@id\":\"http:\\\/\\\/www.cvenewsite.camvaceng.com\\\/pl\\\/#website\",\"url\":\"http:\\\/\\\/www.cvenewsite.camvaceng.com\\\/pl\\\/\",\"name\":\"Cambridge Vacuum Engineering\",\"description\":\"\",\"publisher\":{\"@id\":\"http:\\\/\\\/www.cvenewsite.camvaceng.com\\\/pl\\\/#organization\"},\"potentialAction\":[{\"@type\":\"SearchAction\",\"target\":{\"@type\":\"EntryPoint\",\"urlTemplate\":\"http:\\\/\\\/www.cvenewsite.camvaceng.com\\\/pl\\\/?s={search_term_string}\"},\"query-input\":{\"@type\":\"PropertyValueSpecification\",\"valueRequired\":true,\"valueName\":\"search_term_string\"}}],\"inLanguage\":\"pl-PL\"},{\"@type\":\"Organization\",\"@id\":\"http:\\\/\\\/www.cvenewsite.camvaceng.com\\\/pl\\\/#organization\",\"name\":\"Cambridge Vacuum Engineering\",\"url\":\"http:\\\/\\\/www.cvenewsite.camvaceng.com\\\/pl\\\/\",\"logo\":{\"@type\":\"ImageObject\",\"inLanguage\":\"pl-PL\",\"@id\":\"http:\\\/\\\/www.cvenewsite.camvaceng.com\\\/pl\\\/#\\\/schema\\\/logo\\\/image\\\/\",\"url\":\"http:\\\/\\\/www.cvenewsite.camvaceng.com\\\/wp-content\\\/uploads\\\/2021\\\/04\\\/CamVacEngRGB.jpg\",\"contentUrl\":\"http:\\\/\\\/www.cvenewsite.camvaceng.com\\\/wp-content\\\/uploads\\\/2021\\\/04\\\/CamVacEngRGB.jpg\",\"width\":1510,\"height\":807,\"caption\":\"Cambridge Vacuum Engineering\"},\"image\":{\"@id\":\"http:\\\/\\\/www.cvenewsite.camvaceng.com\\\/pl\\\/#\\\/schema\\\/logo\\\/image\\\/\"},\"sameAs\":[\"https:\\\/\\\/x.com\\\/CamVacEng\",\"https:\\\/\\\/www.linkedin.com\\\/company\\\/20028971\\\/\",\"https:\\\/\\\/www.youtube.com\\\/channel\\\/UCEKBjBKlxxfhIHoR22SD0Uw\"]}]}<\/script>\n<!-- \/ Yoast SEO plugin. -->","yoast_head_json":{"title":"Zapraszamy Do Kontaktu Z Nami - Cambridge Vacuum Engineering","description":"Pembroke Avenue, Waterbeach, Cambridge, CB25 9QX, United Kingdom. E-mail: sales@camvaceng.com. Telefon: +44 (0) 1223 863481.","robots":{"index":"index","follow":"follow","max-snippet":"max-snippet:-1","max-image-preview":"max-image-preview:large","max-video-preview":"max-video-preview:-1"},"canonical":"http:\/\/www.cvenewsite.camvaceng.com\/pl\/zapraszamy-do-kontaktu-z-nami\/","og_locale":"pl_PL","og_type":"article","og_title":"Zapraszamy Do Kontaktu Z Nami - Cambridge Vacuum Engineering","og_description":"Pembroke Avenue, Waterbeach, Cambridge, CB25 9QX, United Kingdom. E-mail: sales@camvaceng.com. Telefon: +44 (0) 1223 863481.","og_url":"http:\/\/www.cvenewsite.camvaceng.com\/pl\/zapraszamy-do-kontaktu-z-nami\/","og_site_name":"Cambridge Vacuum Engineering","article_modified_time":"2022-10-12T15:46:08+00:00","og_image":[{"width":2000,"height":1420,"url":"http:\/\/www.cvenewsite.camvaceng.com\/wp-content\/uploads\/2022\/02\/contact-us.png","type":"image\/png"}],"twitter_card":"summary_large_image","twitter_site":"@CamVacEng","schema":{"@context":"https:\/\/schema.org","@graph":[{"@type":"WebPage","@id":"http:\/\/www.cvenewsite.camvaceng.com\/pl\/zapraszamy-do-kontaktu-z-nami\/","url":"http:\/\/www.cvenewsite.camvaceng.com\/pl\/zapraszamy-do-kontaktu-z-nami\/","name":"Zapraszamy Do Kontaktu Z Nami - Cambridge Vacuum Engineering","isPartOf":{"@id":"http:\/\/www.cvenewsite.camvaceng.com\/pl\/#website"},"primaryImageOfPage":{"@id":"http:\/\/www.cvenewsite.camvaceng.com\/pl\/zapraszamy-do-kontaktu-z-nami\/#primaryimage"},"image":{"@id":"http:\/\/www.cvenewsite.camvaceng.com\/pl\/zapraszamy-do-kontaktu-z-nami\/#primaryimage"},"thumbnailUrl":"http:\/\/www.cvenewsite.camvaceng.com\/wp-content\/uploads\/2022\/02\/contact-us.png","datePublished":"2021-02-19T13:15:19+00:00","dateModified":"2022-10-12T15:46:08+00:00","description":"Pembroke Avenue, Waterbeach, Cambridge, CB25 9QX, United Kingdom. E-mail: sales@camvaceng.com. Telefon: +44 (0) 1223 863481.","breadcrumb":{"@id":"http:\/\/www.cvenewsite.camvaceng.com\/pl\/zapraszamy-do-kontaktu-z-nami\/#breadcrumb"},"inLanguage":"pl-PL","potentialAction":[{"@type":"ReadAction","target":["http:\/\/www.cvenewsite.camvaceng.com\/pl\/zapraszamy-do-kontaktu-z-nami\/"]}]},{"@type":"ImageObject","inLanguage":"pl-PL","@id":"http:\/\/www.cvenewsite.camvaceng.com\/pl\/zapraszamy-do-kontaktu-z-nami\/#primaryimage","url":"http:\/\/www.cvenewsite.camvaceng.com\/wp-content\/uploads\/2022\/02\/contact-us.png","contentUrl":"http:\/\/www.cvenewsite.camvaceng.com\/wp-content\/uploads\/2022\/02\/contact-us.png","width":2000,"height":1420},{"@type":"BreadcrumbList","@id":"http:\/\/www.cvenewsite.camvaceng.com\/pl\/zapraszamy-do-kontaktu-z-nami\/#breadcrumb","itemListElement":[{"@type":"ListItem","position":1,"name":"Home","item":"http:\/\/www.cvenewsite.camvaceng.com\/pl\/?lang=pl"},{"@type":"ListItem","position":2,"name":"Zapraszamy Do Kontaktu Z Nami"}]},{"@type":"WebSite","@id":"http:\/\/www.cvenewsite.camvaceng.com\/pl\/#website","url":"http:\/\/www.cvenewsite.camvaceng.com\/pl\/","name":"Cambridge Vacuum Engineering","description":"","publisher":{"@id":"http:\/\/www.cvenewsite.camvaceng.com\/pl\/#organization"},"potentialAction":[{"@type":"SearchAction","target":{"@type":"EntryPoint","urlTemplate":"http:\/\/www.cvenewsite.camvaceng.com\/pl\/?s={search_term_string}"},"query-input":{"@type":"PropertyValueSpecification","valueRequired":true,"valueName":"search_term_string"}}],"inLanguage":"pl-PL"},{"@type":"Organization","@id":"http:\/\/www.cvenewsite.camvaceng.com\/pl\/#organization","name":"Cambridge Vacuum Engineering","url":"http:\/\/www.cvenewsite.camvaceng.com\/pl\/","logo":{"@type":"ImageObject","inLanguage":"pl-PL","@id":"http:\/\/www.cvenewsite.camvaceng.com\/pl\/#\/schema\/logo\/image\/","url":"http:\/\/www.cvenewsite.camvaceng.com\/wp-content\/uploads\/2021\/04\/CamVacEngRGB.jpg","contentUrl":"http:\/\/www.cvenewsite.camvaceng.com\/wp-content\/uploads\/2021\/04\/CamVacEngRGB.jpg","width":1510,"height":807,"caption":"Cambridge Vacuum Engineering"},"image":{"@id":"http:\/\/www.cvenewsite.camvaceng.com\/pl\/#\/schema\/logo\/image\/"},"sameAs":["https:\/\/x.com\/CamVacEng","https:\/\/www.linkedin.com\/company\/20028971\/","https:\/\/www.youtube.com\/channel\/UCEKBjBKlxxfhIHoR22SD0Uw"]}]}},"_links":{"self":[{"href":"http:\/\/www.cvenewsite.camvaceng.com\/pl\/wp-json\/wp\/v2\/pages\/1422","targetHints":{"allow":["GET"]}}],"collection":[{"href":"http:\/\/www.cvenewsite.camvaceng.com\/pl\/wp-json\/wp\/v2\/pages"}],"about":[{"href":"http:\/\/www.cvenewsite.camvaceng.com\/pl\/wp-json\/wp\/v2\/types\/page"}],"author":[{"embeddable":true,"href":"http:\/\/www.cvenewsite.camvaceng.com\/pl\/wp-json\/wp\/v2\/users\/2"}],"replies":[{"embeddable":true,"href":"http:\/\/www.cvenewsite.camvaceng.com\/pl\/wp-json\/wp\/v2\/comments?post=1422"}],"version-history":[{"count":25,"href":"http:\/\/www.cvenewsite.camvaceng.com\/pl\/wp-json\/wp\/v2\/pages\/1422\/revisions"}],"predecessor-version":[{"id":5911,"href":"http:\/\/www.cvenewsite.camvaceng.com\/pl\/wp-json\/wp\/v2\/pages\/1422\/revisions\/5911"}],"wp:featuredmedia":[{"embeddable":true,"href":"http:\/\/www.cvenewsite.camvaceng.com\/pl\/wp-json\/wp\/v2\/media\/4473"}],"wp:attachment":[{"href":"http:\/\/www.cvenewsite.camvaceng.com\/pl\/wp-json\/wp\/v2\/media?parent=1422"}],"curies":[{"name":"wp","href":"https:\/\/api.w.org\/{rel}","templated":true}]}}