{"id":1417,"date":"2021-02-23T11:11:19","date_gmt":"2021-02-23T11:11:19","guid":{"rendered":"http:\/\/www.newsite.camvaceng.com\/about-us\/industries\/"},"modified":"2021-06-21T12:45:53","modified_gmt":"2021-06-21T12:45:53","slug":"branze","status":"publish","type":"page","link":"http:\/\/www.cvenewsite.camvaceng.com\/pl\/o-nas\/branze\/","title":{"rendered":"Bran\u017ce"},"content":{"rendered":"<p>Spawanie elektronowe i spawanie laserowe maj\u0105 r\u00f3\u017cne zastosowania w wielu ga\u0142\u0119ziach przemys\u0142u. Poni\u017cej przedstawiamy szczeg\u00f3\u0142owe informacje dotycz\u0105ce zastosowania technologii spawania wi\u0105zk\u0105 elektron\u00f3w i spawania laserowego w przemy\u015ble, wraz z modelami maszyn, kt\u00f3re najlepiej sprawdzaj\u0105 si\u0119 w konkretnych zastosowaniach oraz studiami przypadk\u00f3w dotycz\u0105cymi wsparcia udzielonego przez CVE jej kluczowym klientom.<\/p>\n\n\t\t\t\t\t\t\n\t\t\n\t\t\n\t\t\t\t\t\t\t\t\t\t\t\t\t\t\t\t\t<div class=\"industry-card col-md-4\">\n\t\t\t\t\t\t<div class=\"industry-card-content\">\n\t\t\t\t\t\t\t<div class=\"industry-card-img\"><img decoding=\"async\" src=\"http:\/\/www.cvenewsite.camvaceng.com\/wp-content\/uploads\/2021\/03\/About-Us-Industries-Aerospace-scaled.jpg\" alt=\"Lotnictwo Spawalniczy\"><\/div>\n\t\t\t\t\t\t\t<h5>Lotnictwo Spawalniczy<\/h5>\n\t\t\t\t\t\t\t\t\t\t\t\t\t\t\t\t\t\t\t\t\t\t\t\t\t\t\t\t\n\t\t\t\t\t\t\t\t\t\t\t\t\t\t\t\t<div class=\"cta-container\"><a href=\"http:\/\/www.cvenewsite.camvaceng.com\/pl\/industry\/lotnictwo\/\"><button class=\"standard-button\">DOWIEDZ SI\u0118 WI\u0118CEJ<\/button><\/a><\/div>\n\t\t\t\t\t\t<\/div>\n\t\t\t\t\t<\/div>\n\t\t\t\t\t\n\t\t\t\t\t\t\t\t\t\t\t\t\t\t<div class=\"industry-card col-md-4\">\n\t\t\t\t\t\t<div class=\"industry-card-content\">\n\t\t\t\t\t\t\t<div class=\"industry-card-img\"><img decoding=\"async\" src=\"http:\/\/www.cvenewsite.camvaceng.com\/wp-content\/uploads\/2021\/03\/About-Us-Industries-Automotive-scaled.jpg\" alt=\"Przemys\u0142 Motoryzacyjny Spawalniczy\"><\/div>\n\t\t\t\t\t\t\t<h5>Przemys\u0142 Motoryzacyjny Spawalniczy<\/h5>\n\t\t\t\t\t\t\t\t\t\t\t\t\t\t\t\t\t\t\t\t\t\t\t\t\t\t\t\t\n\t\t\t\t\t\t\t\t\t\t\t\t\t\t\t\t<div class=\"cta-container\"><a href=\"http:\/\/www.cvenewsite.camvaceng.com\/pl\/industry\/przemysl-motoryzacyjny\/\"><button class=\"standard-button\">DOWIEDZ SI\u0118 WI\u0118CEJ<\/button><\/a><\/div>\n\t\t\t\t\t\t<\/div>\n\t\t\t\t\t<\/div>\n\t\t\t\t\t\n\t\t\t\t\t\t\t\t\t\t\t\t\t\t<div class=\"industry-card col-md-4\">\n\t\t\t\t\t\t<div class=\"industry-card-content\">\n\t\t\t\t\t\t\t<div class=\"industry-card-img\"><img decoding=\"async\" src=\"http:\/\/www.cvenewsite.camvaceng.com\/wp-content\/uploads\/2021\/03\/Electron-Beam-Welding-Ebflow-5-scaled.jpg\" alt=\"Przemys\u0142 J\u0105drowy Spawalniczy\"><\/div>\n\t\t\t\t\t\t\t<h5>Przemys\u0142 J\u0105drowy Spawalniczy<\/h5>\n\t\t\t\t\t\t\t\t\t\t\t\t\t\t\t\t\t\t\t\t\t\t\t\t\t\t\t\t\n\t\t\t\t\t\t\t\t\t\t\t\t\t\t\t\t<div class=\"cta-container\"><a href=\"http:\/\/www.cvenewsite.camvaceng.com\/pl\/industry\/przemysl-jadrowy\/\"><button class=\"standard-button\">DOWIEDZ SI\u0118 WI\u0118CEJ<\/button><\/a><\/div>\n\t\t\t\t\t\t<\/div>\n\t\t\t\t\t<\/div>\n\t\t\t\t\t\n\t\t\t\t\t\t\t\t\t\t\t\t\t\t<div class=\"industry-card col-md-4\">\n\t\t\t\t\t\t<div class=\"industry-card-content\">\n\t\t\t\t\t\t\t<div class=\"industry-card-img\"><img decoding=\"async\" src=\"http:\/\/www.cvenewsite.camvaceng.com\/wp-content\/uploads\/2021\/03\/About-Us-Industries-Defence-scaled.jpg\" alt=\"Przemys\u0142 Obronny Spawalniczy\"><\/div>\n\t\t\t\t\t\t\t<h5>Przemys\u0142 Obronny Spawalniczy<\/h5>\n\t\t\t\t\t\t\t\t\t\t\t\t\t\t\t\t\t\t\t\t\t\t\t\t\t\t\t\t\n\t\t\t\t\t\t\t\t\t\t\t\t\t\t\t\t<div class=\"cta-container\"><a href=\"http:\/\/www.cvenewsite.camvaceng.com\/pl\/industry\/przemysl-obronny\/\"><button class=\"standard-button\">DOWIEDZ SI\u0118 WI\u0118CEJ<\/button><\/a><\/div>\n\t\t\t\t\t\t<\/div>\n\t\t\t\t\t<\/div>\n\t\t\t\t\t\n\t\t\t\t\t\t\t\t\t\t\t\t\t\t<div class=\"industry-card col-md-4\">\n\t\t\t\t\t\t<div class=\"industry-card-content\">\n\t\t\t\t\t\t\t<div class=\"industry-card-img\"><img decoding=\"async\" src=\"http:\/\/www.cvenewsite.camvaceng.com\/wp-content\/uploads\/2021\/03\/About-Us-Industries-Renewable-Energy-Component-scaled-e1617105275863.jpg\" alt=\"Bran\u017ca Energetyki Odnawialnej Spawalniczy\"><\/div>\n\t\t\t\t\t\t\t<h5>Bran\u017ca Energetyki Odnawialnej Spawalniczy<\/h5>\n\t\t\t\t\t\t\t\t\t\t\t\t\t\t\t\t\t\t\t\t\t\t\t\t\t\t\t\t\n\t\t\t\t\t\t\t\t\t\t\t\t\t\t\t\t<div class=\"cta-container\"><a href=\"http:\/\/www.cvenewsite.camvaceng.com\/pl\/industry\/branza-energetyki-odnawialnej\/\"><button class=\"standard-button\">DOWIEDZ SI\u0118 WI\u0118CEJ<\/button><\/a><\/div>\n\t\t\t\t\t\t<\/div>\n\t\t\t\t\t<\/div>\n\t\t\t\t\t\n\t\t\t\t\t\t\t\t\t\t\t\t\t\t<div class=\"industry-card col-md-4\">\n\t\t\t\t\t\t<div class=\"industry-card-content\">\n\t\t\t\t\t\t\t<div class=\"industry-card-img\"><img decoding=\"async\" src=\"http:\/\/www.cvenewsite.camvaceng.com\/wp-content\/uploads\/2021\/03\/About-Us-Industries-Electronics-scaled.jpg\" alt=\"Czujnik\u00f3w i Elektroniczny Spawalniczy\"><\/div>\n\t\t\t\t\t\t\t<h5>Czujnik\u00f3w i Elektroniczny Spawalniczy<\/h5>\n\t\t\t\t\t\t\t\t\t\t\t\t\t\t\t\t\t\t\t\t\t\t\t\t\t\t\t\t\n\t\t\t\t\t\t\t\t\t\t\t\t\t\t\t\t<div class=\"cta-container\"><a href=\"http:\/\/www.cvenewsite.camvaceng.com\/pl\/industry\/produkcja-czujnikow-i-przemysl-elektroniczny\/\"><button class=\"standard-button\">DOWIEDZ SI\u0118 WI\u0118CEJ<\/button><\/a><\/div>\n\t\t\t\t\t\t<\/div>\n\t\t\t\t\t<\/div>\n\t\t\t\t\t\n\t\t\t\t\t\t\n\t\t\t\t\n\t\t\t\n\n\t\t\n","protected":false},"excerpt":{"rendered":"<p>Spawanie elektronowe i spawanie laserowe maj\u0105 r\u00f3\u017cne zastosowania w wielu ga\u0142\u0119ziach przemys\u0142u. Poni\u017cej przedstawiamy szczeg\u00f3\u0142owe informacje dotycz\u0105ce zastosowania technologii spawania wi\u0105zk\u0105 elektron\u00f3w i spawania laserowego w przemy\u015ble, wraz z modelami maszyn, kt\u00f3re najlepiej sprawdzaj\u0105 si\u0119 w konkretnych zastosowaniach oraz studiami przypadk\u00f3w dotycz\u0105cymi wsparcia udzielonego przez CVE jej kluczowym klientom.<\/p>\n","protected":false},"author":2,"featured_media":709,"parent":1250,"menu_order":0,"comment_status":"closed","ping_status":"closed","template":"","meta":{"footnotes":""},"class_list":["post-1417","page","type-page","status-publish","has-post-thumbnail","hentry"],"acf":[],"yoast_head":"<!-- This site is optimized with the Yoast SEO plugin v27.3 - https:\/\/yoast.com\/product\/yoast-seo-wordpress\/ -->\n<title>Bran\u017ce - Cambridge Vacuum Engineering<\/title>\n<meta name=\"description\" content=\"Spawanie elektronowe i spawanie laserowe maj\u0105 r\u00f3\u017cne zastosowania w wielu ga\u0142\u0119ziach przemys\u0142u.\" \/>\n<meta name=\"robots\" content=\"index, follow, max-snippet:-1, max-image-preview:large, max-video-preview:-1\" \/>\n<link rel=\"canonical\" href=\"http:\/\/www.cvenewsite.camvaceng.com\/pl\/o-nas\/branze\/\" \/>\n<meta property=\"og:locale\" content=\"pl_PL\" \/>\n<meta property=\"og:type\" content=\"article\" \/>\n<meta property=\"og:title\" content=\"Bran\u017ce - Cambridge Vacuum Engineering\" \/>\n<meta property=\"og:description\" content=\"Spawanie elektronowe i spawanie laserowe maj\u0105 r\u00f3\u017cne zastosowania w wielu ga\u0142\u0119ziach przemys\u0142u.\" \/>\n<meta property=\"og:url\" content=\"http:\/\/www.cvenewsite.camvaceng.com\/pl\/o-nas\/branze\/\" \/>\n<meta property=\"og:site_name\" content=\"Cambridge Vacuum Engineering\" \/>\n<meta property=\"article:modified_time\" content=\"2021-06-21T12:45:53+00:00\" \/>\n<meta property=\"og:image\" content=\"http:\/\/www.cvenewsite.camvaceng.com\/wp-content\/uploads\/2021\/03\/About-Us-Industries-Automotive-scaled.jpg\" \/>\n\t<meta property=\"og:image:width\" content=\"2560\" \/>\n\t<meta property=\"og:image:height\" content=\"1707\" \/>\n\t<meta property=\"og:image:type\" content=\"image\/jpeg\" \/>\n<meta name=\"twitter:card\" content=\"summary_large_image\" \/>\n<meta name=\"twitter:site\" content=\"@CamVacEng\" \/>\n<meta name=\"twitter:label1\" content=\"Szacowany czas czytania\" \/>\n\t<meta name=\"twitter:data1\" content=\"1 minuta\" \/>\n<script type=\"application\/ld+json\" class=\"yoast-schema-graph\">{\"@context\":\"https:\\\/\\\/schema.org\",\"@graph\":[{\"@type\":\"WebPage\",\"@id\":\"http:\\\/\\\/www.cvenewsite.camvaceng.com\\\/pl\\\/o-nas\\\/branze\\\/\",\"url\":\"http:\\\/\\\/www.cvenewsite.camvaceng.com\\\/pl\\\/o-nas\\\/branze\\\/\",\"name\":\"Bran\u017ce - Cambridge Vacuum Engineering\",\"isPartOf\":{\"@id\":\"http:\\\/\\\/www.cvenewsite.camvaceng.com\\\/pl\\\/#website\"},\"primaryImageOfPage\":{\"@id\":\"http:\\\/\\\/www.cvenewsite.camvaceng.com\\\/pl\\\/o-nas\\\/branze\\\/#primaryimage\"},\"image\":{\"@id\":\"http:\\\/\\\/www.cvenewsite.camvaceng.com\\\/pl\\\/o-nas\\\/branze\\\/#primaryimage\"},\"thumbnailUrl\":\"http:\\\/\\\/www.cvenewsite.camvaceng.com\\\/wp-content\\\/uploads\\\/2021\\\/03\\\/About-Us-Industries-Automotive-scaled.jpg\",\"datePublished\":\"2021-02-23T11:11:19+00:00\",\"dateModified\":\"2021-06-21T12:45:53+00:00\",\"description\":\"Spawanie elektronowe i spawanie laserowe maj\u0105 r\u00f3\u017cne zastosowania w wielu ga\u0142\u0119ziach przemys\u0142u.\",\"breadcrumb\":{\"@id\":\"http:\\\/\\\/www.cvenewsite.camvaceng.com\\\/pl\\\/o-nas\\\/branze\\\/#breadcrumb\"},\"inLanguage\":\"pl-PL\",\"potentialAction\":[{\"@type\":\"ReadAction\",\"target\":[\"http:\\\/\\\/www.cvenewsite.camvaceng.com\\\/pl\\\/o-nas\\\/branze\\\/\"]}]},{\"@type\":\"ImageObject\",\"inLanguage\":\"pl-PL\",\"@id\":\"http:\\\/\\\/www.cvenewsite.camvaceng.com\\\/pl\\\/o-nas\\\/branze\\\/#primaryimage\",\"url\":\"http:\\\/\\\/www.cvenewsite.camvaceng.com\\\/wp-content\\\/uploads\\\/2021\\\/03\\\/About-Us-Industries-Automotive-scaled.jpg\",\"contentUrl\":\"http:\\\/\\\/www.cvenewsite.camvaceng.com\\\/wp-content\\\/uploads\\\/2021\\\/03\\\/About-Us-Industries-Automotive-scaled.jpg\",\"width\":2560,\"height\":1707,\"caption\":\"Close up image of car automotive engine components\"},{\"@type\":\"BreadcrumbList\",\"@id\":\"http:\\\/\\\/www.cvenewsite.camvaceng.com\\\/pl\\\/o-nas\\\/branze\\\/#breadcrumb\",\"itemListElement\":[{\"@type\":\"ListItem\",\"position\":1,\"name\":\"Home\",\"item\":\"http:\\\/\\\/www.cvenewsite.camvaceng.com\\\/pl\\\/?lang=pl\"},{\"@type\":\"ListItem\",\"position\":2,\"name\":\"O Nas\",\"item\":\"http:\\\/\\\/www.cvenewsite.camvaceng.com\\\/pl\\\/o-nas\\\/?lang=pl\"},{\"@type\":\"ListItem\",\"position\":3,\"name\":\"Bran\u017ce\"}]},{\"@type\":\"WebSite\",\"@id\":\"http:\\\/\\\/www.cvenewsite.camvaceng.com\\\/pl\\\/#website\",\"url\":\"http:\\\/\\\/www.cvenewsite.camvaceng.com\\\/pl\\\/\",\"name\":\"Cambridge Vacuum Engineering\",\"description\":\"\",\"publisher\":{\"@id\":\"http:\\\/\\\/www.cvenewsite.camvaceng.com\\\/pl\\\/#organization\"},\"potentialAction\":[{\"@type\":\"SearchAction\",\"target\":{\"@type\":\"EntryPoint\",\"urlTemplate\":\"http:\\\/\\\/www.cvenewsite.camvaceng.com\\\/pl\\\/?s={search_term_string}\"},\"query-input\":{\"@type\":\"PropertyValueSpecification\",\"valueRequired\":true,\"valueName\":\"search_term_string\"}}],\"inLanguage\":\"pl-PL\"},{\"@type\":\"Organization\",\"@id\":\"http:\\\/\\\/www.cvenewsite.camvaceng.com\\\/pl\\\/#organization\",\"name\":\"Cambridge Vacuum Engineering\",\"url\":\"http:\\\/\\\/www.cvenewsite.camvaceng.com\\\/pl\\\/\",\"logo\":{\"@type\":\"ImageObject\",\"inLanguage\":\"pl-PL\",\"@id\":\"http:\\\/\\\/www.cvenewsite.camvaceng.com\\\/pl\\\/#\\\/schema\\\/logo\\\/image\\\/\",\"url\":\"http:\\\/\\\/www.cvenewsite.camvaceng.com\\\/wp-content\\\/uploads\\\/2021\\\/04\\\/CamVacEngRGB.jpg\",\"contentUrl\":\"http:\\\/\\\/www.cvenewsite.camvaceng.com\\\/wp-content\\\/uploads\\\/2021\\\/04\\\/CamVacEngRGB.jpg\",\"width\":1510,\"height\":807,\"caption\":\"Cambridge Vacuum Engineering\"},\"image\":{\"@id\":\"http:\\\/\\\/www.cvenewsite.camvaceng.com\\\/pl\\\/#\\\/schema\\\/logo\\\/image\\\/\"},\"sameAs\":[\"https:\\\/\\\/x.com\\\/CamVacEng\",\"https:\\\/\\\/www.linkedin.com\\\/company\\\/20028971\\\/\",\"https:\\\/\\\/www.youtube.com\\\/channel\\\/UCEKBjBKlxxfhIHoR22SD0Uw\"]}]}<\/script>\n<!-- \/ Yoast SEO plugin. -->","yoast_head_json":{"title":"Bran\u017ce - Cambridge Vacuum Engineering","description":"Spawanie elektronowe i spawanie laserowe maj\u0105 r\u00f3\u017cne zastosowania w wielu ga\u0142\u0119ziach przemys\u0142u.","robots":{"index":"index","follow":"follow","max-snippet":"max-snippet:-1","max-image-preview":"max-image-preview:large","max-video-preview":"max-video-preview:-1"},"canonical":"http:\/\/www.cvenewsite.camvaceng.com\/pl\/o-nas\/branze\/","og_locale":"pl_PL","og_type":"article","og_title":"Bran\u017ce - Cambridge Vacuum Engineering","og_description":"Spawanie elektronowe i spawanie laserowe maj\u0105 r\u00f3\u017cne zastosowania w wielu ga\u0142\u0119ziach przemys\u0142u.","og_url":"http:\/\/www.cvenewsite.camvaceng.com\/pl\/o-nas\/branze\/","og_site_name":"Cambridge Vacuum Engineering","article_modified_time":"2021-06-21T12:45:53+00:00","og_image":[{"width":2560,"height":1707,"url":"http:\/\/www.cvenewsite.camvaceng.com\/wp-content\/uploads\/2021\/03\/About-Us-Industries-Automotive-scaled.jpg","type":"image\/jpeg"}],"twitter_card":"summary_large_image","twitter_site":"@CamVacEng","twitter_misc":{"Szacowany czas czytania":"1 minuta"},"schema":{"@context":"https:\/\/schema.org","@graph":[{"@type":"WebPage","@id":"http:\/\/www.cvenewsite.camvaceng.com\/pl\/o-nas\/branze\/","url":"http:\/\/www.cvenewsite.camvaceng.com\/pl\/o-nas\/branze\/","name":"Bran\u017ce - Cambridge Vacuum Engineering","isPartOf":{"@id":"http:\/\/www.cvenewsite.camvaceng.com\/pl\/#website"},"primaryImageOfPage":{"@id":"http:\/\/www.cvenewsite.camvaceng.com\/pl\/o-nas\/branze\/#primaryimage"},"image":{"@id":"http:\/\/www.cvenewsite.camvaceng.com\/pl\/o-nas\/branze\/#primaryimage"},"thumbnailUrl":"http:\/\/www.cvenewsite.camvaceng.com\/wp-content\/uploads\/2021\/03\/About-Us-Industries-Automotive-scaled.jpg","datePublished":"2021-02-23T11:11:19+00:00","dateModified":"2021-06-21T12:45:53+00:00","description":"Spawanie elektronowe i spawanie laserowe maj\u0105 r\u00f3\u017cne zastosowania w wielu ga\u0142\u0119ziach przemys\u0142u.","breadcrumb":{"@id":"http:\/\/www.cvenewsite.camvaceng.com\/pl\/o-nas\/branze\/#breadcrumb"},"inLanguage":"pl-PL","potentialAction":[{"@type":"ReadAction","target":["http:\/\/www.cvenewsite.camvaceng.com\/pl\/o-nas\/branze\/"]}]},{"@type":"ImageObject","inLanguage":"pl-PL","@id":"http:\/\/www.cvenewsite.camvaceng.com\/pl\/o-nas\/branze\/#primaryimage","url":"http:\/\/www.cvenewsite.camvaceng.com\/wp-content\/uploads\/2021\/03\/About-Us-Industries-Automotive-scaled.jpg","contentUrl":"http:\/\/www.cvenewsite.camvaceng.com\/wp-content\/uploads\/2021\/03\/About-Us-Industries-Automotive-scaled.jpg","width":2560,"height":1707,"caption":"Close up image of car automotive engine components"},{"@type":"BreadcrumbList","@id":"http:\/\/www.cvenewsite.camvaceng.com\/pl\/o-nas\/branze\/#breadcrumb","itemListElement":[{"@type":"ListItem","position":1,"name":"Home","item":"http:\/\/www.cvenewsite.camvaceng.com\/pl\/?lang=pl"},{"@type":"ListItem","position":2,"name":"O Nas","item":"http:\/\/www.cvenewsite.camvaceng.com\/pl\/o-nas\/?lang=pl"},{"@type":"ListItem","position":3,"name":"Bran\u017ce"}]},{"@type":"WebSite","@id":"http:\/\/www.cvenewsite.camvaceng.com\/pl\/#website","url":"http:\/\/www.cvenewsite.camvaceng.com\/pl\/","name":"Cambridge Vacuum Engineering","description":"","publisher":{"@id":"http:\/\/www.cvenewsite.camvaceng.com\/pl\/#organization"},"potentialAction":[{"@type":"SearchAction","target":{"@type":"EntryPoint","urlTemplate":"http:\/\/www.cvenewsite.camvaceng.com\/pl\/?s={search_term_string}"},"query-input":{"@type":"PropertyValueSpecification","valueRequired":true,"valueName":"search_term_string"}}],"inLanguage":"pl-PL"},{"@type":"Organization","@id":"http:\/\/www.cvenewsite.camvaceng.com\/pl\/#organization","name":"Cambridge Vacuum Engineering","url":"http:\/\/www.cvenewsite.camvaceng.com\/pl\/","logo":{"@type":"ImageObject","inLanguage":"pl-PL","@id":"http:\/\/www.cvenewsite.camvaceng.com\/pl\/#\/schema\/logo\/image\/","url":"http:\/\/www.cvenewsite.camvaceng.com\/wp-content\/uploads\/2021\/04\/CamVacEngRGB.jpg","contentUrl":"http:\/\/www.cvenewsite.camvaceng.com\/wp-content\/uploads\/2021\/04\/CamVacEngRGB.jpg","width":1510,"height":807,"caption":"Cambridge Vacuum Engineering"},"image":{"@id":"http:\/\/www.cvenewsite.camvaceng.com\/pl\/#\/schema\/logo\/image\/"},"sameAs":["https:\/\/x.com\/CamVacEng","https:\/\/www.linkedin.com\/company\/20028971\/","https:\/\/www.youtube.com\/channel\/UCEKBjBKlxxfhIHoR22SD0Uw"]}]}},"_links":{"self":[{"href":"http:\/\/www.cvenewsite.camvaceng.com\/pl\/wp-json\/wp\/v2\/pages\/1417","targetHints":{"allow":["GET"]}}],"collection":[{"href":"http:\/\/www.cvenewsite.camvaceng.com\/pl\/wp-json\/wp\/v2\/pages"}],"about":[{"href":"http:\/\/www.cvenewsite.camvaceng.com\/pl\/wp-json\/wp\/v2\/types\/page"}],"author":[{"embeddable":true,"href":"http:\/\/www.cvenewsite.camvaceng.com\/pl\/wp-json\/wp\/v2\/users\/2"}],"replies":[{"embeddable":true,"href":"http:\/\/www.cvenewsite.camvaceng.com\/pl\/wp-json\/wp\/v2\/comments?post=1417"}],"version-history":[{"count":2,"href":"http:\/\/www.cvenewsite.camvaceng.com\/pl\/wp-json\/wp\/v2\/pages\/1417\/revisions"}],"predecessor-version":[{"id":2070,"href":"http:\/\/www.cvenewsite.camvaceng.com\/pl\/wp-json\/wp\/v2\/pages\/1417\/revisions\/2070"}],"up":[{"embeddable":true,"href":"http:\/\/www.cvenewsite.camvaceng.com\/pl\/wp-json\/wp\/v2\/pages\/1250"}],"wp:featuredmedia":[{"embeddable":true,"href":"http:\/\/www.cvenewsite.camvaceng.com\/pl\/wp-json\/wp\/v2\/media\/709"}],"wp:attachment":[{"href":"http:\/\/www.cvenewsite.camvaceng.com\/pl\/wp-json\/wp\/v2\/media?parent=1417"}],"curies":[{"name":"wp","href":"https:\/\/api.w.org\/{rel}","templated":true}]}}