{"id":1408,"date":"2021-04-27T12:51:27","date_gmt":"2021-04-27T12:51:27","guid":{"rendered":"http:\/\/www.newsite.camvaceng.com\/?page_id=1408"},"modified":"2022-05-31T12:28:39","modified_gmt":"2022-05-31T12:28:39","slug":"kariera","status":"publish","type":"page","link":"http:\/\/www.cvenewsite.camvaceng.com\/pl\/o-nas\/kariera\/","title":{"rendered":"Kariera"},"content":{"rendered":"<p>CVE nale\u017cy do sektora ma\u0142ych i \u015brednich przedsi\u0119biorstw (M\u015aP). W naszych trzech zak\u0142adach &#8211; w Cambridge (Wielkiej Brytanii), Massachusetts (Stany Zjednoczone) i Pekinie (Chiny) &#8211; zatrudniamy ponad 70 pracownik\u00f3w.<\/p>\n<p>Zakres naszej dzia\u0142alno\u015bci obejmuje m.in. in\u017cynieri\u0119, testowanie, produkcj\u0119, sprzeda\u017c, administracj\u0119 i serwisowanie.<\/p>\n<p>Mamy r\u00f3wnie\u017c mi\u0119dzynarodow\u0105 sie\u0107 przedstawicieli reprezentuj\u0105cych nasz\u0105 firm\u0119, a tak\u017ce instaluj\u0105cych i serwisuj\u0105cych maszyny CVE na ca\u0142ym \u015bwiecie.<\/p>\n","protected":false},"excerpt":{"rendered":"<p>CVE nale\u017cy do sektora ma\u0142ych i \u015brednich przedsi\u0119biorstw (M\u015aP). W naszych trzech zak\u0142adach &#8211; w Cambridge (Wielkiej Brytanii), Massachusetts (Stany Zjednoczone) i Pekinie (Chiny) &#8211; zatrudniamy ponad 70 pracownik\u00f3w. Zakres naszej dzia\u0142alno\u015bci obejmuje m.in. in\u017cynieri\u0119, testowanie, produkcj\u0119, sprzeda\u017c, administracj\u0119 i serwisowanie. Mamy r\u00f3wnie\u017c mi\u0119dzynarodow\u0105 sie\u0107 przedstawicieli reprezentuj\u0105cych nasz\u0105 firm\u0119, a tak\u017ce instaluj\u0105cych i serwisuj\u0105cych maszyny [&hellip;]<\/p>\n","protected":false},"author":2,"featured_media":3404,"parent":1250,"menu_order":0,"comment_status":"closed","ping_status":"closed","template":"template-careers.php","meta":{"footnotes":""},"class_list":["post-1408","page","type-page","status-publish","has-post-thumbnail","hentry"],"acf":[],"yoast_head":"<!-- This site is optimized with the Yoast SEO plugin v27.3 - https:\/\/yoast.com\/product\/yoast-seo-wordpress\/ -->\n<title>Kariera - Cambridge Vacuum Engineering<\/title>\n<meta name=\"description\" content=\"Zakres naszej dzia\u0142alno\u015bci obejmuje m.in. in\u017cynieri\u0119, testowanie, produkcj\u0119, sprzeda\u017c, administracj\u0119 i serwisowanie.\" \/>\n<meta name=\"robots\" content=\"index, follow, max-snippet:-1, max-image-preview:large, max-video-preview:-1\" \/>\n<link rel=\"canonical\" href=\"http:\/\/www.cvenewsite.camvaceng.com\/pl\/o-nas\/kariera\/\" \/>\n<meta property=\"og:locale\" content=\"pl_PL\" \/>\n<meta property=\"og:type\" content=\"article\" \/>\n<meta property=\"og:title\" content=\"Kariera - Cambridge Vacuum Engineering\" \/>\n<meta property=\"og:description\" content=\"Zakres naszej dzia\u0142alno\u015bci obejmuje m.in. in\u017cynieri\u0119, testowanie, produkcj\u0119, sprzeda\u017c, administracj\u0119 i serwisowanie.\" \/>\n<meta property=\"og:url\" content=\"http:\/\/www.cvenewsite.camvaceng.com\/pl\/o-nas\/kariera\/\" \/>\n<meta property=\"og:site_name\" content=\"Cambridge Vacuum Engineering\" \/>\n<meta property=\"article:modified_time\" content=\"2022-05-31T12:28:39+00:00\" \/>\n<meta property=\"og:image\" content=\"http:\/\/www.cvenewsite.camvaceng.com\/wp-content\/uploads\/2021\/11\/about-us-careers.jpg\" \/>\n\t<meta property=\"og:image:width\" content=\"2560\" \/>\n\t<meta property=\"og:image:height\" content=\"1695\" \/>\n\t<meta property=\"og:image:type\" content=\"image\/jpeg\" \/>\n<meta name=\"twitter:card\" content=\"summary_large_image\" \/>\n<meta name=\"twitter:site\" content=\"@CamVacEng\" \/>\n<meta name=\"twitter:label1\" content=\"Szacowany czas czytania\" \/>\n\t<meta name=\"twitter:data1\" content=\"1 minuta\" \/>\n<script type=\"application\/ld+json\" class=\"yoast-schema-graph\">{\"@context\":\"https:\\\/\\\/schema.org\",\"@graph\":[{\"@type\":\"WebPage\",\"@id\":\"http:\\\/\\\/www.cvenewsite.camvaceng.com\\\/pl\\\/o-nas\\\/kariera\\\/\",\"url\":\"http:\\\/\\\/www.cvenewsite.camvaceng.com\\\/pl\\\/o-nas\\\/kariera\\\/\",\"name\":\"Kariera - Cambridge Vacuum Engineering\",\"isPartOf\":{\"@id\":\"http:\\\/\\\/www.cvenewsite.camvaceng.com\\\/pl\\\/#website\"},\"primaryImageOfPage\":{\"@id\":\"http:\\\/\\\/www.cvenewsite.camvaceng.com\\\/pl\\\/o-nas\\\/kariera\\\/#primaryimage\"},\"image\":{\"@id\":\"http:\\\/\\\/www.cvenewsite.camvaceng.com\\\/pl\\\/o-nas\\\/kariera\\\/#primaryimage\"},\"thumbnailUrl\":\"http:\\\/\\\/www.cvenewsite.camvaceng.com\\\/wp-content\\\/uploads\\\/2021\\\/11\\\/about-us-careers.jpg\",\"datePublished\":\"2021-04-27T12:51:27+00:00\",\"dateModified\":\"2022-05-31T12:28:39+00:00\",\"description\":\"Zakres naszej dzia\u0142alno\u015bci obejmuje m.in. in\u017cynieri\u0119, testowanie, produkcj\u0119, sprzeda\u017c, administracj\u0119 i serwisowanie.\",\"breadcrumb\":{\"@id\":\"http:\\\/\\\/www.cvenewsite.camvaceng.com\\\/pl\\\/o-nas\\\/kariera\\\/#breadcrumb\"},\"inLanguage\":\"pl-PL\",\"potentialAction\":[{\"@type\":\"ReadAction\",\"target\":[\"http:\\\/\\\/www.cvenewsite.camvaceng.com\\\/pl\\\/o-nas\\\/kariera\\\/\"]}]},{\"@type\":\"ImageObject\",\"inLanguage\":\"pl-PL\",\"@id\":\"http:\\\/\\\/www.cvenewsite.camvaceng.com\\\/pl\\\/o-nas\\\/kariera\\\/#primaryimage\",\"url\":\"http:\\\/\\\/www.cvenewsite.camvaceng.com\\\/wp-content\\\/uploads\\\/2021\\\/11\\\/about-us-careers.jpg\",\"contentUrl\":\"http:\\\/\\\/www.cvenewsite.camvaceng.com\\\/wp-content\\\/uploads\\\/2021\\\/11\\\/about-us-careers.jpg\",\"width\":2560,\"height\":1695},{\"@type\":\"BreadcrumbList\",\"@id\":\"http:\\\/\\\/www.cvenewsite.camvaceng.com\\\/pl\\\/o-nas\\\/kariera\\\/#breadcrumb\",\"itemListElement\":[{\"@type\":\"ListItem\",\"position\":1,\"name\":\"Home\",\"item\":\"http:\\\/\\\/www.cvenewsite.camvaceng.com\\\/pl\\\/?lang=pl\"},{\"@type\":\"ListItem\",\"position\":2,\"name\":\"O Nas\",\"item\":\"http:\\\/\\\/www.cvenewsite.camvaceng.com\\\/pl\\\/o-nas\\\/?lang=pl\"},{\"@type\":\"ListItem\",\"position\":3,\"name\":\"Kariera\"}]},{\"@type\":\"WebSite\",\"@id\":\"http:\\\/\\\/www.cvenewsite.camvaceng.com\\\/pl\\\/#website\",\"url\":\"http:\\\/\\\/www.cvenewsite.camvaceng.com\\\/pl\\\/\",\"name\":\"Cambridge Vacuum Engineering\",\"description\":\"\",\"publisher\":{\"@id\":\"http:\\\/\\\/www.cvenewsite.camvaceng.com\\\/pl\\\/#organization\"},\"potentialAction\":[{\"@type\":\"SearchAction\",\"target\":{\"@type\":\"EntryPoint\",\"urlTemplate\":\"http:\\\/\\\/www.cvenewsite.camvaceng.com\\\/pl\\\/?s={search_term_string}\"},\"query-input\":{\"@type\":\"PropertyValueSpecification\",\"valueRequired\":true,\"valueName\":\"search_term_string\"}}],\"inLanguage\":\"pl-PL\"},{\"@type\":\"Organization\",\"@id\":\"http:\\\/\\\/www.cvenewsite.camvaceng.com\\\/pl\\\/#organization\",\"name\":\"Cambridge Vacuum Engineering\",\"url\":\"http:\\\/\\\/www.cvenewsite.camvaceng.com\\\/pl\\\/\",\"logo\":{\"@type\":\"ImageObject\",\"inLanguage\":\"pl-PL\",\"@id\":\"http:\\\/\\\/www.cvenewsite.camvaceng.com\\\/pl\\\/#\\\/schema\\\/logo\\\/image\\\/\",\"url\":\"http:\\\/\\\/www.cvenewsite.camvaceng.com\\\/wp-content\\\/uploads\\\/2021\\\/04\\\/CamVacEngRGB.jpg\",\"contentUrl\":\"http:\\\/\\\/www.cvenewsite.camvaceng.com\\\/wp-content\\\/uploads\\\/2021\\\/04\\\/CamVacEngRGB.jpg\",\"width\":1510,\"height\":807,\"caption\":\"Cambridge Vacuum Engineering\"},\"image\":{\"@id\":\"http:\\\/\\\/www.cvenewsite.camvaceng.com\\\/pl\\\/#\\\/schema\\\/logo\\\/image\\\/\"},\"sameAs\":[\"https:\\\/\\\/x.com\\\/CamVacEng\",\"https:\\\/\\\/www.linkedin.com\\\/company\\\/20028971\\\/\",\"https:\\\/\\\/www.youtube.com\\\/channel\\\/UCEKBjBKlxxfhIHoR22SD0Uw\"]}]}<\/script>\n<!-- \/ Yoast SEO plugin. -->","yoast_head_json":{"title":"Kariera - Cambridge Vacuum Engineering","description":"Zakres naszej dzia\u0142alno\u015bci obejmuje m.in. in\u017cynieri\u0119, testowanie, produkcj\u0119, sprzeda\u017c, administracj\u0119 i serwisowanie.","robots":{"index":"index","follow":"follow","max-snippet":"max-snippet:-1","max-image-preview":"max-image-preview:large","max-video-preview":"max-video-preview:-1"},"canonical":"http:\/\/www.cvenewsite.camvaceng.com\/pl\/o-nas\/kariera\/","og_locale":"pl_PL","og_type":"article","og_title":"Kariera - Cambridge Vacuum Engineering","og_description":"Zakres naszej dzia\u0142alno\u015bci obejmuje m.in. in\u017cynieri\u0119, testowanie, produkcj\u0119, sprzeda\u017c, administracj\u0119 i serwisowanie.","og_url":"http:\/\/www.cvenewsite.camvaceng.com\/pl\/o-nas\/kariera\/","og_site_name":"Cambridge Vacuum Engineering","article_modified_time":"2022-05-31T12:28:39+00:00","og_image":[{"width":2560,"height":1695,"url":"http:\/\/www.cvenewsite.camvaceng.com\/wp-content\/uploads\/2021\/11\/about-us-careers.jpg","type":"image\/jpeg"}],"twitter_card":"summary_large_image","twitter_site":"@CamVacEng","twitter_misc":{"Szacowany czas czytania":"1 minuta"},"schema":{"@context":"https:\/\/schema.org","@graph":[{"@type":"WebPage","@id":"http:\/\/www.cvenewsite.camvaceng.com\/pl\/o-nas\/kariera\/","url":"http:\/\/www.cvenewsite.camvaceng.com\/pl\/o-nas\/kariera\/","name":"Kariera - Cambridge Vacuum Engineering","isPartOf":{"@id":"http:\/\/www.cvenewsite.camvaceng.com\/pl\/#website"},"primaryImageOfPage":{"@id":"http:\/\/www.cvenewsite.camvaceng.com\/pl\/o-nas\/kariera\/#primaryimage"},"image":{"@id":"http:\/\/www.cvenewsite.camvaceng.com\/pl\/o-nas\/kariera\/#primaryimage"},"thumbnailUrl":"http:\/\/www.cvenewsite.camvaceng.com\/wp-content\/uploads\/2021\/11\/about-us-careers.jpg","datePublished":"2021-04-27T12:51:27+00:00","dateModified":"2022-05-31T12:28:39+00:00","description":"Zakres naszej dzia\u0142alno\u015bci obejmuje m.in. in\u017cynieri\u0119, testowanie, produkcj\u0119, sprzeda\u017c, administracj\u0119 i serwisowanie.","breadcrumb":{"@id":"http:\/\/www.cvenewsite.camvaceng.com\/pl\/o-nas\/kariera\/#breadcrumb"},"inLanguage":"pl-PL","potentialAction":[{"@type":"ReadAction","target":["http:\/\/www.cvenewsite.camvaceng.com\/pl\/o-nas\/kariera\/"]}]},{"@type":"ImageObject","inLanguage":"pl-PL","@id":"http:\/\/www.cvenewsite.camvaceng.com\/pl\/o-nas\/kariera\/#primaryimage","url":"http:\/\/www.cvenewsite.camvaceng.com\/wp-content\/uploads\/2021\/11\/about-us-careers.jpg","contentUrl":"http:\/\/www.cvenewsite.camvaceng.com\/wp-content\/uploads\/2021\/11\/about-us-careers.jpg","width":2560,"height":1695},{"@type":"BreadcrumbList","@id":"http:\/\/www.cvenewsite.camvaceng.com\/pl\/o-nas\/kariera\/#breadcrumb","itemListElement":[{"@type":"ListItem","position":1,"name":"Home","item":"http:\/\/www.cvenewsite.camvaceng.com\/pl\/?lang=pl"},{"@type":"ListItem","position":2,"name":"O Nas","item":"http:\/\/www.cvenewsite.camvaceng.com\/pl\/o-nas\/?lang=pl"},{"@type":"ListItem","position":3,"name":"Kariera"}]},{"@type":"WebSite","@id":"http:\/\/www.cvenewsite.camvaceng.com\/pl\/#website","url":"http:\/\/www.cvenewsite.camvaceng.com\/pl\/","name":"Cambridge Vacuum Engineering","description":"","publisher":{"@id":"http:\/\/www.cvenewsite.camvaceng.com\/pl\/#organization"},"potentialAction":[{"@type":"SearchAction","target":{"@type":"EntryPoint","urlTemplate":"http:\/\/www.cvenewsite.camvaceng.com\/pl\/?s={search_term_string}"},"query-input":{"@type":"PropertyValueSpecification","valueRequired":true,"valueName":"search_term_string"}}],"inLanguage":"pl-PL"},{"@type":"Organization","@id":"http:\/\/www.cvenewsite.camvaceng.com\/pl\/#organization","name":"Cambridge Vacuum Engineering","url":"http:\/\/www.cvenewsite.camvaceng.com\/pl\/","logo":{"@type":"ImageObject","inLanguage":"pl-PL","@id":"http:\/\/www.cvenewsite.camvaceng.com\/pl\/#\/schema\/logo\/image\/","url":"http:\/\/www.cvenewsite.camvaceng.com\/wp-content\/uploads\/2021\/04\/CamVacEngRGB.jpg","contentUrl":"http:\/\/www.cvenewsite.camvaceng.com\/wp-content\/uploads\/2021\/04\/CamVacEngRGB.jpg","width":1510,"height":807,"caption":"Cambridge Vacuum Engineering"},"image":{"@id":"http:\/\/www.cvenewsite.camvaceng.com\/pl\/#\/schema\/logo\/image\/"},"sameAs":["https:\/\/x.com\/CamVacEng","https:\/\/www.linkedin.com\/company\/20028971\/","https:\/\/www.youtube.com\/channel\/UCEKBjBKlxxfhIHoR22SD0Uw"]}]}},"_links":{"self":[{"href":"http:\/\/www.cvenewsite.camvaceng.com\/pl\/wp-json\/wp\/v2\/pages\/1408","targetHints":{"allow":["GET"]}}],"collection":[{"href":"http:\/\/www.cvenewsite.camvaceng.com\/pl\/wp-json\/wp\/v2\/pages"}],"about":[{"href":"http:\/\/www.cvenewsite.camvaceng.com\/pl\/wp-json\/wp\/v2\/types\/page"}],"author":[{"embeddable":true,"href":"http:\/\/www.cvenewsite.camvaceng.com\/pl\/wp-json\/wp\/v2\/users\/2"}],"replies":[{"embeddable":true,"href":"http:\/\/www.cvenewsite.camvaceng.com\/pl\/wp-json\/wp\/v2\/comments?post=1408"}],"version-history":[{"count":9,"href":"http:\/\/www.cvenewsite.camvaceng.com\/pl\/wp-json\/wp\/v2\/pages\/1408\/revisions"}],"predecessor-version":[{"id":4847,"href":"http:\/\/www.cvenewsite.camvaceng.com\/pl\/wp-json\/wp\/v2\/pages\/1408\/revisions\/4847"}],"up":[{"embeddable":true,"href":"http:\/\/www.cvenewsite.camvaceng.com\/pl\/wp-json\/wp\/v2\/pages\/1250"}],"wp:featuredmedia":[{"embeddable":true,"href":"http:\/\/www.cvenewsite.camvaceng.com\/pl\/wp-json\/wp\/v2\/media\/3404"}],"wp:attachment":[{"href":"http:\/\/www.cvenewsite.camvaceng.com\/pl\/wp-json\/wp\/v2\/media?parent=1408"}],"curies":[{"name":"wp","href":"https:\/\/api.w.org\/{rel}","templated":true}]}}