{"id":463,"date":"2021-02-19T13:15:11","date_gmt":"2021-02-19T13:15:11","guid":{"rendered":"http:\/\/www.newsite.camvaceng.com\/?page_id=463"},"modified":"2021-11-26T10:24:01","modified_gmt":"2021-11-26T10:24:01","slug":"noticias-y-medios-de-comunicacion","status":"publish","type":"page","link":"http:\/\/www.cvenewsite.camvaceng.com\/es\/noticias-y-medios-de-comunicacion\/","title":{"rendered":"Noticias y Medios de Comunicaci\u00f3n"},"content":{"rendered":"<p>En esta p\u00e1gina puede consultar todos los estudios de caso, eventos, hojas de datos, comunicados de prensa y preguntas frecuentes.<\/p>\n<p>Suscr\u00edbase a nuestro bolet\u00edn informativo para estar a la \u00faltima en nuestras noticias.<\/p>\n<p>Suscribirse aqu\u00ed:<\/p>\n","protected":false},"excerpt":{"rendered":"<p>En esta p\u00e1gina puede consultar todos los estudios de caso, eventos, hojas de datos, comunicados de prensa y preguntas frecuentes. Suscr\u00edbase a nuestro bolet\u00edn informativo para estar a la \u00faltima en nuestras noticias. Suscribirse aqu\u00ed:<\/p>\n","protected":false},"author":2,"featured_media":3925,"parent":0,"menu_order":0,"comment_status":"closed","ping_status":"closed","template":"template-media.php","meta":{"footnotes":""},"class_list":["post-463","page","type-page","status-publish","has-post-thumbnail","hentry"],"acf":[],"yoast_head":"<!-- This site is optimized with the Yoast SEO plugin v27.3 - https:\/\/yoast.com\/product\/yoast-seo-wordpress\/ -->\n<title>Noticias y Medios de Comunicaci\u00f3n - Cambridge Vacuum Engineering<\/title>\n<meta name=\"description\" content=\"En esta p\u00e1gina puede consultar todos los estudios de caso, eventos, hojas de datos, comunicados de prensa y preguntas frecuentes.\" \/>\n<meta name=\"robots\" content=\"index, follow, max-snippet:-1, max-image-preview:large, max-video-preview:-1\" \/>\n<link rel=\"canonical\" href=\"http:\/\/www.cvenewsite.camvaceng.com\/es\/noticias-y-medios-de-comunicacion\/\" \/>\n<meta property=\"og:locale\" content=\"es_ES\" \/>\n<meta property=\"og:type\" content=\"article\" \/>\n<meta property=\"og:title\" content=\"Noticias y Medios de Comunicaci\u00f3n - Cambridge Vacuum Engineering\" \/>\n<meta property=\"og:description\" content=\"En esta p\u00e1gina puede consultar todos los estudios de caso, eventos, hojas de datos, comunicados de prensa y preguntas frecuentes.\" \/>\n<meta property=\"og:url\" content=\"http:\/\/www.cvenewsite.camvaceng.com\/es\/noticias-y-medios-de-comunicacion\/\" \/>\n<meta property=\"og:site_name\" content=\"Cambridge Vacuum Engineering\" \/>\n<meta property=\"article:modified_time\" content=\"2021-11-26T10:24:01+00:00\" \/>\n<meta property=\"og:image\" content=\"http:\/\/www.cvenewsite.camvaceng.com\/wp-content\/uploads\/2021\/11\/news-and-media-scaled.jpeg\" \/>\n\t<meta property=\"og:image:width\" content=\"2560\" \/>\n\t<meta property=\"og:image:height\" content=\"1709\" \/>\n\t<meta property=\"og:image:type\" content=\"image\/jpeg\" \/>\n<meta name=\"twitter:card\" content=\"summary_large_image\" \/>\n<meta name=\"twitter:site\" content=\"@CamVacEng\" \/>\n<meta name=\"twitter:label1\" content=\"Tiempo de lectura\" \/>\n\t<meta name=\"twitter:data1\" content=\"1 minuto\" \/>\n<script type=\"application\/ld+json\" class=\"yoast-schema-graph\">{\"@context\":\"https:\\\/\\\/schema.org\",\"@graph\":[{\"@type\":\"WebPage\",\"@id\":\"http:\\\/\\\/www.cvenewsite.camvaceng.com\\\/es\\\/noticias-y-medios-de-comunicacion\\\/\",\"url\":\"http:\\\/\\\/www.cvenewsite.camvaceng.com\\\/es\\\/noticias-y-medios-de-comunicacion\\\/\",\"name\":\"Noticias y Medios de Comunicaci\u00f3n - Cambridge Vacuum Engineering\",\"isPartOf\":{\"@id\":\"http:\\\/\\\/www.cvenewsite.camvaceng.com\\\/es\\\/#website\"},\"primaryImageOfPage\":{\"@id\":\"http:\\\/\\\/www.cvenewsite.camvaceng.com\\\/es\\\/noticias-y-medios-de-comunicacion\\\/#primaryimage\"},\"image\":{\"@id\":\"http:\\\/\\\/www.cvenewsite.camvaceng.com\\\/es\\\/noticias-y-medios-de-comunicacion\\\/#primaryimage\"},\"thumbnailUrl\":\"http:\\\/\\\/www.cvenewsite.camvaceng.com\\\/wp-content\\\/uploads\\\/2021\\\/11\\\/news-and-media-scaled.jpeg\",\"datePublished\":\"2021-02-19T13:15:11+00:00\",\"dateModified\":\"2021-11-26T10:24:01+00:00\",\"description\":\"En esta p\u00e1gina puede consultar todos los estudios de caso, eventos, hojas de datos, comunicados de prensa y preguntas frecuentes.\",\"breadcrumb\":{\"@id\":\"http:\\\/\\\/www.cvenewsite.camvaceng.com\\\/es\\\/noticias-y-medios-de-comunicacion\\\/#breadcrumb\"},\"inLanguage\":\"es\",\"potentialAction\":[{\"@type\":\"ReadAction\",\"target\":[\"http:\\\/\\\/www.cvenewsite.camvaceng.com\\\/es\\\/noticias-y-medios-de-comunicacion\\\/\"]}]},{\"@type\":\"ImageObject\",\"inLanguage\":\"es\",\"@id\":\"http:\\\/\\\/www.cvenewsite.camvaceng.com\\\/es\\\/noticias-y-medios-de-comunicacion\\\/#primaryimage\",\"url\":\"http:\\\/\\\/www.cvenewsite.camvaceng.com\\\/wp-content\\\/uploads\\\/2021\\\/11\\\/news-and-media-scaled.jpeg\",\"contentUrl\":\"http:\\\/\\\/www.cvenewsite.camvaceng.com\\\/wp-content\\\/uploads\\\/2021\\\/11\\\/news-and-media-scaled.jpeg\",\"width\":2560,\"height\":1709},{\"@type\":\"BreadcrumbList\",\"@id\":\"http:\\\/\\\/www.cvenewsite.camvaceng.com\\\/es\\\/noticias-y-medios-de-comunicacion\\\/#breadcrumb\",\"itemListElement\":[{\"@type\":\"ListItem\",\"position\":1,\"name\":\"Home\",\"item\":\"http:\\\/\\\/www.cvenewsite.camvaceng.com\\\/es\\\/\"},{\"@type\":\"ListItem\",\"position\":2,\"name\":\"Noticias y Medios de Comunicaci\u00f3n\"}]},{\"@type\":\"WebSite\",\"@id\":\"http:\\\/\\\/www.cvenewsite.camvaceng.com\\\/es\\\/#website\",\"url\":\"http:\\\/\\\/www.cvenewsite.camvaceng.com\\\/es\\\/\",\"name\":\"Cambridge Vacuum Engineering\",\"description\":\"\",\"publisher\":{\"@id\":\"http:\\\/\\\/www.cvenewsite.camvaceng.com\\\/es\\\/#organization\"},\"potentialAction\":[{\"@type\":\"SearchAction\",\"target\":{\"@type\":\"EntryPoint\",\"urlTemplate\":\"http:\\\/\\\/www.cvenewsite.camvaceng.com\\\/es\\\/?s={search_term_string}\"},\"query-input\":{\"@type\":\"PropertyValueSpecification\",\"valueRequired\":true,\"valueName\":\"search_term_string\"}}],\"inLanguage\":\"es\"},{\"@type\":\"Organization\",\"@id\":\"http:\\\/\\\/www.cvenewsite.camvaceng.com\\\/es\\\/#organization\",\"name\":\"Cambridge Vacuum Engineering\",\"url\":\"http:\\\/\\\/www.cvenewsite.camvaceng.com\\\/es\\\/\",\"logo\":{\"@type\":\"ImageObject\",\"inLanguage\":\"es\",\"@id\":\"http:\\\/\\\/www.cvenewsite.camvaceng.com\\\/es\\\/#\\\/schema\\\/logo\\\/image\\\/\",\"url\":\"http:\\\/\\\/www.cvenewsite.camvaceng.com\\\/wp-content\\\/uploads\\\/2021\\\/04\\\/CamVacEngRGB.jpg\",\"contentUrl\":\"http:\\\/\\\/www.cvenewsite.camvaceng.com\\\/wp-content\\\/uploads\\\/2021\\\/04\\\/CamVacEngRGB.jpg\",\"width\":1510,\"height\":807,\"caption\":\"Cambridge Vacuum Engineering\"},\"image\":{\"@id\":\"http:\\\/\\\/www.cvenewsite.camvaceng.com\\\/es\\\/#\\\/schema\\\/logo\\\/image\\\/\"},\"sameAs\":[\"https:\\\/\\\/x.com\\\/CamVacEng\",\"https:\\\/\\\/www.linkedin.com\\\/company\\\/20028971\\\/\",\"https:\\\/\\\/www.youtube.com\\\/channel\\\/UCEKBjBKlxxfhIHoR22SD0Uw\"]}]}<\/script>\n<!-- \/ Yoast SEO plugin. -->","yoast_head_json":{"title":"Noticias y Medios de Comunicaci\u00f3n - Cambridge Vacuum Engineering","description":"En esta p\u00e1gina puede consultar todos los estudios de caso, eventos, hojas de datos, comunicados de prensa y preguntas frecuentes.","robots":{"index":"index","follow":"follow","max-snippet":"max-snippet:-1","max-image-preview":"max-image-preview:large","max-video-preview":"max-video-preview:-1"},"canonical":"http:\/\/www.cvenewsite.camvaceng.com\/es\/noticias-y-medios-de-comunicacion\/","og_locale":"es_ES","og_type":"article","og_title":"Noticias y Medios de Comunicaci\u00f3n - Cambridge Vacuum Engineering","og_description":"En esta p\u00e1gina puede consultar todos los estudios de caso, eventos, hojas de datos, comunicados de prensa y preguntas frecuentes.","og_url":"http:\/\/www.cvenewsite.camvaceng.com\/es\/noticias-y-medios-de-comunicacion\/","og_site_name":"Cambridge Vacuum Engineering","article_modified_time":"2021-11-26T10:24:01+00:00","og_image":[{"width":2560,"height":1709,"url":"http:\/\/www.cvenewsite.camvaceng.com\/wp-content\/uploads\/2021\/11\/news-and-media-scaled.jpeg","type":"image\/jpeg"}],"twitter_card":"summary_large_image","twitter_site":"@CamVacEng","twitter_misc":{"Tiempo de lectura":"1 minuto"},"schema":{"@context":"https:\/\/schema.org","@graph":[{"@type":"WebPage","@id":"http:\/\/www.cvenewsite.camvaceng.com\/es\/noticias-y-medios-de-comunicacion\/","url":"http:\/\/www.cvenewsite.camvaceng.com\/es\/noticias-y-medios-de-comunicacion\/","name":"Noticias y Medios de Comunicaci\u00f3n - Cambridge Vacuum Engineering","isPartOf":{"@id":"http:\/\/www.cvenewsite.camvaceng.com\/es\/#website"},"primaryImageOfPage":{"@id":"http:\/\/www.cvenewsite.camvaceng.com\/es\/noticias-y-medios-de-comunicacion\/#primaryimage"},"image":{"@id":"http:\/\/www.cvenewsite.camvaceng.com\/es\/noticias-y-medios-de-comunicacion\/#primaryimage"},"thumbnailUrl":"http:\/\/www.cvenewsite.camvaceng.com\/wp-content\/uploads\/2021\/11\/news-and-media-scaled.jpeg","datePublished":"2021-02-19T13:15:11+00:00","dateModified":"2021-11-26T10:24:01+00:00","description":"En esta p\u00e1gina puede consultar todos los estudios de caso, eventos, hojas de datos, comunicados de prensa y preguntas frecuentes.","breadcrumb":{"@id":"http:\/\/www.cvenewsite.camvaceng.com\/es\/noticias-y-medios-de-comunicacion\/#breadcrumb"},"inLanguage":"es","potentialAction":[{"@type":"ReadAction","target":["http:\/\/www.cvenewsite.camvaceng.com\/es\/noticias-y-medios-de-comunicacion\/"]}]},{"@type":"ImageObject","inLanguage":"es","@id":"http:\/\/www.cvenewsite.camvaceng.com\/es\/noticias-y-medios-de-comunicacion\/#primaryimage","url":"http:\/\/www.cvenewsite.camvaceng.com\/wp-content\/uploads\/2021\/11\/news-and-media-scaled.jpeg","contentUrl":"http:\/\/www.cvenewsite.camvaceng.com\/wp-content\/uploads\/2021\/11\/news-and-media-scaled.jpeg","width":2560,"height":1709},{"@type":"BreadcrumbList","@id":"http:\/\/www.cvenewsite.camvaceng.com\/es\/noticias-y-medios-de-comunicacion\/#breadcrumb","itemListElement":[{"@type":"ListItem","position":1,"name":"Home","item":"http:\/\/www.cvenewsite.camvaceng.com\/es\/"},{"@type":"ListItem","position":2,"name":"Noticias y Medios de Comunicaci\u00f3n"}]},{"@type":"WebSite","@id":"http:\/\/www.cvenewsite.camvaceng.com\/es\/#website","url":"http:\/\/www.cvenewsite.camvaceng.com\/es\/","name":"Cambridge Vacuum Engineering","description":"","publisher":{"@id":"http:\/\/www.cvenewsite.camvaceng.com\/es\/#organization"},"potentialAction":[{"@type":"SearchAction","target":{"@type":"EntryPoint","urlTemplate":"http:\/\/www.cvenewsite.camvaceng.com\/es\/?s={search_term_string}"},"query-input":{"@type":"PropertyValueSpecification","valueRequired":true,"valueName":"search_term_string"}}],"inLanguage":"es"},{"@type":"Organization","@id":"http:\/\/www.cvenewsite.camvaceng.com\/es\/#organization","name":"Cambridge Vacuum Engineering","url":"http:\/\/www.cvenewsite.camvaceng.com\/es\/","logo":{"@type":"ImageObject","inLanguage":"es","@id":"http:\/\/www.cvenewsite.camvaceng.com\/es\/#\/schema\/logo\/image\/","url":"http:\/\/www.cvenewsite.camvaceng.com\/wp-content\/uploads\/2021\/04\/CamVacEngRGB.jpg","contentUrl":"http:\/\/www.cvenewsite.camvaceng.com\/wp-content\/uploads\/2021\/04\/CamVacEngRGB.jpg","width":1510,"height":807,"caption":"Cambridge Vacuum Engineering"},"image":{"@id":"http:\/\/www.cvenewsite.camvaceng.com\/es\/#\/schema\/logo\/image\/"},"sameAs":["https:\/\/x.com\/CamVacEng","https:\/\/www.linkedin.com\/company\/20028971\/","https:\/\/www.youtube.com\/channel\/UCEKBjBKlxxfhIHoR22SD0Uw"]}]}},"_links":{"self":[{"href":"http:\/\/www.cvenewsite.camvaceng.com\/es\/wp-json\/wp\/v2\/pages\/463","targetHints":{"allow":["GET"]}}],"collection":[{"href":"http:\/\/www.cvenewsite.camvaceng.com\/es\/wp-json\/wp\/v2\/pages"}],"about":[{"href":"http:\/\/www.cvenewsite.camvaceng.com\/es\/wp-json\/wp\/v2\/types\/page"}],"author":[{"embeddable":true,"href":"http:\/\/www.cvenewsite.camvaceng.com\/es\/wp-json\/wp\/v2\/users\/2"}],"replies":[{"embeddable":true,"href":"http:\/\/www.cvenewsite.camvaceng.com\/es\/wp-json\/wp\/v2\/comments?post=463"}],"version-history":[{"count":3,"href":"http:\/\/www.cvenewsite.camvaceng.com\/es\/wp-json\/wp\/v2\/pages\/463\/revisions"}],"predecessor-version":[{"id":3928,"href":"http:\/\/www.cvenewsite.camvaceng.com\/es\/wp-json\/wp\/v2\/pages\/463\/revisions\/3928"}],"wp:featuredmedia":[{"embeddable":true,"href":"http:\/\/www.cvenewsite.camvaceng.com\/es\/wp-json\/wp\/v2\/media\/3925"}],"wp:attachment":[{"href":"http:\/\/www.cvenewsite.camvaceng.com\/es\/wp-json\/wp\/v2\/media?parent=463"}],"curies":[{"name":"wp","href":"https:\/\/api.w.org\/{rel}","templated":true}]}}