{"id":455,"date":"2021-02-23T11:11:19","date_gmt":"2021-02-23T11:11:19","guid":{"rendered":"http:\/\/www.newsite.camvaceng.com\/?page_id=455"},"modified":"2021-06-21T10:34:23","modified_gmt":"2021-06-21T10:34:23","slug":"sectores","status":"publish","type":"page","link":"http:\/\/www.cvenewsite.camvaceng.com\/es\/empresa\/sectores\/","title":{"rendered":"Sectores"},"content":{"rendered":"<p>La soldadura por haz de electrones y por l\u00e1ser tiene aplicaciones muy diversas en m\u00faltiples sectores. A continuaci\u00f3n, se incluyen m\u00e1s detalles sobre los usos industriales de estos tipos de soldadura, modelos de m\u00e1quinas adecuados y estudios de caso de apoyo de CVE a clientes importantes.<\/p>\n\n\t\t\t\t\t\t\n\t\t\n\t\t\n\t\t\t\t\t\t\t\t\t\t\t\t\t\t\t\t\t<div class=\"industry-card col-md-4\">\n\t\t\t\t\t\t<div class=\"industry-card-content\">\n\t\t\t\t\t\t\t<div class=\"industry-card-img\"><img decoding=\"async\" src=\"http:\/\/www.cvenewsite.camvaceng.com\/wp-content\/uploads\/2021\/03\/About-Us-Industries-Aerospace-scaled.jpg\" alt=\"Aeroespacial Soldadura\"><\/div>\n\t\t\t\t\t\t\t<h5>Aeroespacial Soldadura<\/h5>\n\t\t\t\t\t\t\t\t\t\t\t\t\t\t\t\t\t\t\t\t\t\t\t\t\t\t\t\t\n\t\t\t\t\t\t\t\t\t\t\t\t\t\t\t\t<div class=\"cta-container\"><a href=\"http:\/\/www.cvenewsite.camvaceng.com\/es\/industry\/aeroespacial\/\"><button class=\"standard-button\">M\u00c1S INFORMACI\u00d3N<\/button><\/a><\/div>\n\t\t\t\t\t\t<\/div>\n\t\t\t\t\t<\/div>\n\t\t\t\t\t\n\t\t\t\t\t\t\t\t\t\t\t\t\t\t<div class=\"industry-card col-md-4\">\n\t\t\t\t\t\t<div class=\"industry-card-content\">\n\t\t\t\t\t\t\t<div class=\"industry-card-img\"><img decoding=\"async\" src=\"http:\/\/www.cvenewsite.camvaceng.com\/wp-content\/uploads\/2021\/03\/About-Us-Industries-Automotive-scaled.jpg\" alt=\"Automoci\u00f3n Soldadura\"><\/div>\n\t\t\t\t\t\t\t<h5>Automoci\u00f3n Soldadura<\/h5>\n\t\t\t\t\t\t\t\t\t\t\t\t\t\t\t\t\t\t\t\t\t\t\t\t\t\t\t\t\n\t\t\t\t\t\t\t\t\t\t\t\t\t\t\t\t<div class=\"cta-container\"><a href=\"http:\/\/www.cvenewsite.camvaceng.com\/es\/industry\/automocion\/\"><button class=\"standard-button\">M\u00c1S INFORMACI\u00d3N<\/button><\/a><\/div>\n\t\t\t\t\t\t<\/div>\n\t\t\t\t\t<\/div>\n\t\t\t\t\t\n\t\t\t\t\t\t\t\t\t\t\t\t\t\t<div class=\"industry-card col-md-4\">\n\t\t\t\t\t\t<div class=\"industry-card-content\">\n\t\t\t\t\t\t\t<div class=\"industry-card-img\"><img decoding=\"async\" src=\"http:\/\/www.cvenewsite.camvaceng.com\/wp-content\/uploads\/2021\/03\/Electron-Beam-Welding-Ebflow-5-scaled.jpg\" alt=\"Nuclear Soldadura\"><\/div>\n\t\t\t\t\t\t\t<h5>Nuclear Soldadura<\/h5>\n\t\t\t\t\t\t\t\t\t\t\t\t\t\t\t\t\t\t\t\t\t\t\t\t\t\t\t\t\n\t\t\t\t\t\t\t\t\t\t\t\t\t\t\t\t<div class=\"cta-container\"><a href=\"http:\/\/www.cvenewsite.camvaceng.com\/es\/industry\/nuclear\/\"><button class=\"standard-button\">M\u00c1S INFORMACI\u00d3N<\/button><\/a><\/div>\n\t\t\t\t\t\t<\/div>\n\t\t\t\t\t<\/div>\n\t\t\t\t\t\n\t\t\t\t\t\t\t\t\t\t\t\t\t\t<div class=\"industry-card col-md-4\">\n\t\t\t\t\t\t<div class=\"industry-card-content\">\n\t\t\t\t\t\t\t<div class=\"industry-card-img\"><img decoding=\"async\" src=\"http:\/\/www.cvenewsite.camvaceng.com\/wp-content\/uploads\/2021\/03\/About-Us-Industries-Defence-scaled.jpg\" alt=\"Defensa Soldadura\"><\/div>\n\t\t\t\t\t\t\t<h5>Defensa Soldadura<\/h5>\n\t\t\t\t\t\t\t\t\t\t\t\t\t\t\t\t\t\t\t\t\t\t\t\t\t\t\t\t\n\t\t\t\t\t\t\t\t\t\t\t\t\t\t\t\t<div class=\"cta-container\"><a href=\"http:\/\/www.cvenewsite.camvaceng.com\/es\/industry\/defensa\/\"><button class=\"standard-button\">M\u00c1S INFORMACI\u00d3N<\/button><\/a><\/div>\n\t\t\t\t\t\t<\/div>\n\t\t\t\t\t<\/div>\n\t\t\t\t\t\n\t\t\t\t\t\t\t\t\t\t\t\t\t\t<div class=\"industry-card col-md-4\">\n\t\t\t\t\t\t<div class=\"industry-card-content\">\n\t\t\t\t\t\t\t<div class=\"industry-card-img\"><img decoding=\"async\" src=\"http:\/\/www.cvenewsite.camvaceng.com\/wp-content\/uploads\/2021\/03\/About-Us-Industries-Renewable-Energy-Component-scaled-e1617105275863.jpg\" alt=\"Energ\u00edas Renovables Soldadura\"><\/div>\n\t\t\t\t\t\t\t<h5>Energ\u00edas Renovables Soldadura<\/h5>\n\t\t\t\t\t\t\t\t\t\t\t\t\t\t\t\t\t\t\t\t\t\t\t\t\t\t\t\t\n\t\t\t\t\t\t\t\t\t\t\t\t\t\t\t\t<div class=\"cta-container\"><a href=\"http:\/\/www.cvenewsite.camvaceng.com\/es\/industry\/energias-renovables\/\"><button class=\"standard-button\">M\u00c1S INFORMACI\u00d3N<\/button><\/a><\/div>\n\t\t\t\t\t\t<\/div>\n\t\t\t\t\t<\/div>\n\t\t\t\t\t\n\t\t\t\t\t\t\t\t\t\t\t\t\t\t<div class=\"industry-card col-md-4\">\n\t\t\t\t\t\t<div class=\"industry-card-content\">\n\t\t\t\t\t\t\t<div class=\"industry-card-img\"><img decoding=\"async\" src=\"http:\/\/www.cvenewsite.camvaceng.com\/wp-content\/uploads\/2021\/03\/About-Us-Industries-Electronics-scaled.jpg\" alt=\"Sensores y Electr\u00f3nica Soldadura\"><\/div>\n\t\t\t\t\t\t\t<h5>Sensores y Electr\u00f3nica Soldadura<\/h5>\n\t\t\t\t\t\t\t\t\t\t\t\t\t\t\t\t\t\t\t\t\t\t\t\t\t\t\t\t\n\t\t\t\t\t\t\t\t\t\t\t\t\t\t\t\t<div class=\"cta-container\"><a href=\"http:\/\/www.cvenewsite.camvaceng.com\/es\/industry\/sensores-y-electronica\/\"><button class=\"standard-button\">M\u00c1S INFORMACI\u00d3N<\/button><\/a><\/div>\n\t\t\t\t\t\t<\/div>\n\t\t\t\t\t<\/div>\n\t\t\t\t\t\n\t\t\t\t\t\t\t\t\t\t\t\t\t\t<div class=\"industry-card col-md-4\">\n\t\t\t\t\t\t<div class=\"industry-card-content\">\n\t\t\t\t\t\t\t<div class=\"industry-card-img\"><img decoding=\"async\" src=\"http:\/\/www.cvenewsite.camvaceng.com\/wp-content\/uploads\/2022\/01\/electric-vehicle-battery-pack-scaled-e1642514565698.jpg\" alt=\"Electrificaci\u00f3n\"><\/div>\n\t\t\t\t\t\t\t<h5>Electrificaci\u00f3n<\/h5>\n\t\t\t\t\t\t\t\t\t\t\t\t\t\t\t\t\t\t\t\t\t\t\t\t\t\t\t\t\n\t\t\t\t\t\t\t\t\t\t\t\t\t\t\t\t<div class=\"cta-container\"><a href=\"http:\/\/www.cvenewsite.camvaceng.com\/es\/industry\/electrificacion\/\"><button class=\"standard-button\">M\u00c1S INFORMACI\u00d3N<\/button><\/a><\/div>\n\t\t\t\t\t\t<\/div>\n\t\t\t\t\t<\/div>\n\t\t\t\t\t\n\t\t\t\t\t\t\n\t\t\t\t\n\t\t\t\n\n\t\t\n","protected":false},"excerpt":{"rendered":"<p>La soldadura por haz de electrones y por l\u00e1ser tiene aplicaciones muy diversas en m\u00faltiples sectores. A continuaci\u00f3n, se incluyen m\u00e1s detalles sobre los usos industriales de estos tipos de soldadura, modelos de m\u00e1quinas adecuados y estudios de caso de apoyo de CVE a clientes importantes.<\/p>\n","protected":false},"author":2,"featured_media":709,"parent":446,"menu_order":0,"comment_status":"closed","ping_status":"closed","template":"","meta":{"footnotes":""},"class_list":["post-455","page","type-page","status-publish","has-post-thumbnail","hentry"],"acf":[],"yoast_head":"<!-- This site is optimized with the Yoast SEO plugin v27.3 - https:\/\/yoast.com\/product\/yoast-seo-wordpress\/ -->\n<title>Sectores - Cambridge Vacuum Engineering<\/title>\n<meta name=\"description\" content=\"La soldadura por haz de electrones y por l\u00e1ser tiene aplicaciones muy diversas en m\u00faltiples sectores.\" \/>\n<meta name=\"robots\" content=\"index, follow, max-snippet:-1, max-image-preview:large, max-video-preview:-1\" \/>\n<link rel=\"canonical\" href=\"http:\/\/www.cvenewsite.camvaceng.com\/es\/empresa\/sectores\/\" \/>\n<meta property=\"og:locale\" content=\"es_ES\" \/>\n<meta property=\"og:type\" content=\"article\" \/>\n<meta property=\"og:title\" content=\"Sectores - Cambridge Vacuum Engineering\" \/>\n<meta property=\"og:description\" content=\"La soldadura por haz de electrones y por l\u00e1ser tiene aplicaciones muy diversas en m\u00faltiples sectores.\" \/>\n<meta property=\"og:url\" content=\"http:\/\/www.cvenewsite.camvaceng.com\/es\/empresa\/sectores\/\" \/>\n<meta property=\"og:site_name\" content=\"Cambridge Vacuum Engineering\" \/>\n<meta property=\"article:modified_time\" content=\"2021-06-21T10:34:23+00:00\" \/>\n<meta property=\"og:image\" content=\"http:\/\/www.cvenewsite.camvaceng.com\/wp-content\/uploads\/2021\/03\/About-Us-Industries-Automotive-scaled.jpg\" \/>\n\t<meta property=\"og:image:width\" content=\"2560\" \/>\n\t<meta property=\"og:image:height\" content=\"1707\" \/>\n\t<meta property=\"og:image:type\" content=\"image\/jpeg\" \/>\n<meta name=\"twitter:card\" content=\"summary_large_image\" \/>\n<meta name=\"twitter:site\" content=\"@CamVacEng\" \/>\n<meta name=\"twitter:label1\" content=\"Tiempo de lectura\" \/>\n\t<meta name=\"twitter:data1\" content=\"1 minuto\" \/>\n<script type=\"application\/ld+json\" class=\"yoast-schema-graph\">{\"@context\":\"https:\\\/\\\/schema.org\",\"@graph\":[{\"@type\":\"WebPage\",\"@id\":\"http:\\\/\\\/www.cvenewsite.camvaceng.com\\\/es\\\/empresa\\\/sectores\\\/\",\"url\":\"http:\\\/\\\/www.cvenewsite.camvaceng.com\\\/es\\\/empresa\\\/sectores\\\/\",\"name\":\"Sectores - Cambridge Vacuum Engineering\",\"isPartOf\":{\"@id\":\"http:\\\/\\\/www.cvenewsite.camvaceng.com\\\/es\\\/#website\"},\"primaryImageOfPage\":{\"@id\":\"http:\\\/\\\/www.cvenewsite.camvaceng.com\\\/es\\\/empresa\\\/sectores\\\/#primaryimage\"},\"image\":{\"@id\":\"http:\\\/\\\/www.cvenewsite.camvaceng.com\\\/es\\\/empresa\\\/sectores\\\/#primaryimage\"},\"thumbnailUrl\":\"http:\\\/\\\/www.cvenewsite.camvaceng.com\\\/wp-content\\\/uploads\\\/2021\\\/03\\\/About-Us-Industries-Automotive-scaled.jpg\",\"datePublished\":\"2021-02-23T11:11:19+00:00\",\"dateModified\":\"2021-06-21T10:34:23+00:00\",\"description\":\"La soldadura por haz de electrones y por l\u00e1ser tiene aplicaciones muy diversas en m\u00faltiples sectores.\",\"breadcrumb\":{\"@id\":\"http:\\\/\\\/www.cvenewsite.camvaceng.com\\\/es\\\/empresa\\\/sectores\\\/#breadcrumb\"},\"inLanguage\":\"es\",\"potentialAction\":[{\"@type\":\"ReadAction\",\"target\":[\"http:\\\/\\\/www.cvenewsite.camvaceng.com\\\/es\\\/empresa\\\/sectores\\\/\"]}]},{\"@type\":\"ImageObject\",\"inLanguage\":\"es\",\"@id\":\"http:\\\/\\\/www.cvenewsite.camvaceng.com\\\/es\\\/empresa\\\/sectores\\\/#primaryimage\",\"url\":\"http:\\\/\\\/www.cvenewsite.camvaceng.com\\\/wp-content\\\/uploads\\\/2021\\\/03\\\/About-Us-Industries-Automotive-scaled.jpg\",\"contentUrl\":\"http:\\\/\\\/www.cvenewsite.camvaceng.com\\\/wp-content\\\/uploads\\\/2021\\\/03\\\/About-Us-Industries-Automotive-scaled.jpg\",\"width\":2560,\"height\":1707,\"caption\":\"Close up image of car automotive engine components\"},{\"@type\":\"BreadcrumbList\",\"@id\":\"http:\\\/\\\/www.cvenewsite.camvaceng.com\\\/es\\\/empresa\\\/sectores\\\/#breadcrumb\",\"itemListElement\":[{\"@type\":\"ListItem\",\"position\":1,\"name\":\"Home\",\"item\":\"http:\\\/\\\/www.cvenewsite.camvaceng.com\\\/es\\\/\"},{\"@type\":\"ListItem\",\"position\":2,\"name\":\"Empresa\",\"item\":\"http:\\\/\\\/www.cvenewsite.camvaceng.com\\\/es\\\/empresa\\\/?lang=es\"},{\"@type\":\"ListItem\",\"position\":3,\"name\":\"Sectores\"}]},{\"@type\":\"WebSite\",\"@id\":\"http:\\\/\\\/www.cvenewsite.camvaceng.com\\\/es\\\/#website\",\"url\":\"http:\\\/\\\/www.cvenewsite.camvaceng.com\\\/es\\\/\",\"name\":\"Cambridge Vacuum Engineering\",\"description\":\"\",\"publisher\":{\"@id\":\"http:\\\/\\\/www.cvenewsite.camvaceng.com\\\/es\\\/#organization\"},\"potentialAction\":[{\"@type\":\"SearchAction\",\"target\":{\"@type\":\"EntryPoint\",\"urlTemplate\":\"http:\\\/\\\/www.cvenewsite.camvaceng.com\\\/es\\\/?s={search_term_string}\"},\"query-input\":{\"@type\":\"PropertyValueSpecification\",\"valueRequired\":true,\"valueName\":\"search_term_string\"}}],\"inLanguage\":\"es\"},{\"@type\":\"Organization\",\"@id\":\"http:\\\/\\\/www.cvenewsite.camvaceng.com\\\/es\\\/#organization\",\"name\":\"Cambridge Vacuum Engineering\",\"url\":\"http:\\\/\\\/www.cvenewsite.camvaceng.com\\\/es\\\/\",\"logo\":{\"@type\":\"ImageObject\",\"inLanguage\":\"es\",\"@id\":\"http:\\\/\\\/www.cvenewsite.camvaceng.com\\\/es\\\/#\\\/schema\\\/logo\\\/image\\\/\",\"url\":\"http:\\\/\\\/www.cvenewsite.camvaceng.com\\\/wp-content\\\/uploads\\\/2021\\\/04\\\/CamVacEngRGB.jpg\",\"contentUrl\":\"http:\\\/\\\/www.cvenewsite.camvaceng.com\\\/wp-content\\\/uploads\\\/2021\\\/04\\\/CamVacEngRGB.jpg\",\"width\":1510,\"height\":807,\"caption\":\"Cambridge Vacuum Engineering\"},\"image\":{\"@id\":\"http:\\\/\\\/www.cvenewsite.camvaceng.com\\\/es\\\/#\\\/schema\\\/logo\\\/image\\\/\"},\"sameAs\":[\"https:\\\/\\\/x.com\\\/CamVacEng\",\"https:\\\/\\\/www.linkedin.com\\\/company\\\/20028971\\\/\",\"https:\\\/\\\/www.youtube.com\\\/channel\\\/UCEKBjBKlxxfhIHoR22SD0Uw\"]}]}<\/script>\n<!-- \/ Yoast SEO plugin. -->","yoast_head_json":{"title":"Sectores - Cambridge Vacuum Engineering","description":"La soldadura por haz de electrones y por l\u00e1ser tiene aplicaciones muy diversas en m\u00faltiples sectores.","robots":{"index":"index","follow":"follow","max-snippet":"max-snippet:-1","max-image-preview":"max-image-preview:large","max-video-preview":"max-video-preview:-1"},"canonical":"http:\/\/www.cvenewsite.camvaceng.com\/es\/empresa\/sectores\/","og_locale":"es_ES","og_type":"article","og_title":"Sectores - Cambridge Vacuum Engineering","og_description":"La soldadura por haz de electrones y por l\u00e1ser tiene aplicaciones muy diversas en m\u00faltiples sectores.","og_url":"http:\/\/www.cvenewsite.camvaceng.com\/es\/empresa\/sectores\/","og_site_name":"Cambridge Vacuum Engineering","article_modified_time":"2021-06-21T10:34:23+00:00","og_image":[{"width":2560,"height":1707,"url":"http:\/\/www.cvenewsite.camvaceng.com\/wp-content\/uploads\/2021\/03\/About-Us-Industries-Automotive-scaled.jpg","type":"image\/jpeg"}],"twitter_card":"summary_large_image","twitter_site":"@CamVacEng","twitter_misc":{"Tiempo de lectura":"1 minuto"},"schema":{"@context":"https:\/\/schema.org","@graph":[{"@type":"WebPage","@id":"http:\/\/www.cvenewsite.camvaceng.com\/es\/empresa\/sectores\/","url":"http:\/\/www.cvenewsite.camvaceng.com\/es\/empresa\/sectores\/","name":"Sectores - Cambridge Vacuum Engineering","isPartOf":{"@id":"http:\/\/www.cvenewsite.camvaceng.com\/es\/#website"},"primaryImageOfPage":{"@id":"http:\/\/www.cvenewsite.camvaceng.com\/es\/empresa\/sectores\/#primaryimage"},"image":{"@id":"http:\/\/www.cvenewsite.camvaceng.com\/es\/empresa\/sectores\/#primaryimage"},"thumbnailUrl":"http:\/\/www.cvenewsite.camvaceng.com\/wp-content\/uploads\/2021\/03\/About-Us-Industries-Automotive-scaled.jpg","datePublished":"2021-02-23T11:11:19+00:00","dateModified":"2021-06-21T10:34:23+00:00","description":"La soldadura por haz de electrones y por l\u00e1ser tiene aplicaciones muy diversas en m\u00faltiples sectores.","breadcrumb":{"@id":"http:\/\/www.cvenewsite.camvaceng.com\/es\/empresa\/sectores\/#breadcrumb"},"inLanguage":"es","potentialAction":[{"@type":"ReadAction","target":["http:\/\/www.cvenewsite.camvaceng.com\/es\/empresa\/sectores\/"]}]},{"@type":"ImageObject","inLanguage":"es","@id":"http:\/\/www.cvenewsite.camvaceng.com\/es\/empresa\/sectores\/#primaryimage","url":"http:\/\/www.cvenewsite.camvaceng.com\/wp-content\/uploads\/2021\/03\/About-Us-Industries-Automotive-scaled.jpg","contentUrl":"http:\/\/www.cvenewsite.camvaceng.com\/wp-content\/uploads\/2021\/03\/About-Us-Industries-Automotive-scaled.jpg","width":2560,"height":1707,"caption":"Close up image of car automotive engine components"},{"@type":"BreadcrumbList","@id":"http:\/\/www.cvenewsite.camvaceng.com\/es\/empresa\/sectores\/#breadcrumb","itemListElement":[{"@type":"ListItem","position":1,"name":"Home","item":"http:\/\/www.cvenewsite.camvaceng.com\/es\/"},{"@type":"ListItem","position":2,"name":"Empresa","item":"http:\/\/www.cvenewsite.camvaceng.com\/es\/empresa\/?lang=es"},{"@type":"ListItem","position":3,"name":"Sectores"}]},{"@type":"WebSite","@id":"http:\/\/www.cvenewsite.camvaceng.com\/es\/#website","url":"http:\/\/www.cvenewsite.camvaceng.com\/es\/","name":"Cambridge Vacuum Engineering","description":"","publisher":{"@id":"http:\/\/www.cvenewsite.camvaceng.com\/es\/#organization"},"potentialAction":[{"@type":"SearchAction","target":{"@type":"EntryPoint","urlTemplate":"http:\/\/www.cvenewsite.camvaceng.com\/es\/?s={search_term_string}"},"query-input":{"@type":"PropertyValueSpecification","valueRequired":true,"valueName":"search_term_string"}}],"inLanguage":"es"},{"@type":"Organization","@id":"http:\/\/www.cvenewsite.camvaceng.com\/es\/#organization","name":"Cambridge Vacuum Engineering","url":"http:\/\/www.cvenewsite.camvaceng.com\/es\/","logo":{"@type":"ImageObject","inLanguage":"es","@id":"http:\/\/www.cvenewsite.camvaceng.com\/es\/#\/schema\/logo\/image\/","url":"http:\/\/www.cvenewsite.camvaceng.com\/wp-content\/uploads\/2021\/04\/CamVacEngRGB.jpg","contentUrl":"http:\/\/www.cvenewsite.camvaceng.com\/wp-content\/uploads\/2021\/04\/CamVacEngRGB.jpg","width":1510,"height":807,"caption":"Cambridge Vacuum Engineering"},"image":{"@id":"http:\/\/www.cvenewsite.camvaceng.com\/es\/#\/schema\/logo\/image\/"},"sameAs":["https:\/\/x.com\/CamVacEng","https:\/\/www.linkedin.com\/company\/20028971\/","https:\/\/www.youtube.com\/channel\/UCEKBjBKlxxfhIHoR22SD0Uw"]}]}},"_links":{"self":[{"href":"http:\/\/www.cvenewsite.camvaceng.com\/es\/wp-json\/wp\/v2\/pages\/455","targetHints":{"allow":["GET"]}}],"collection":[{"href":"http:\/\/www.cvenewsite.camvaceng.com\/es\/wp-json\/wp\/v2\/pages"}],"about":[{"href":"http:\/\/www.cvenewsite.camvaceng.com\/es\/wp-json\/wp\/v2\/types\/page"}],"author":[{"embeddable":true,"href":"http:\/\/www.cvenewsite.camvaceng.com\/es\/wp-json\/wp\/v2\/users\/2"}],"replies":[{"embeddable":true,"href":"http:\/\/www.cvenewsite.camvaceng.com\/es\/wp-json\/wp\/v2\/comments?post=455"}],"version-history":[{"count":2,"href":"http:\/\/www.cvenewsite.camvaceng.com\/es\/wp-json\/wp\/v2\/pages\/455\/revisions"}],"predecessor-version":[{"id":2061,"href":"http:\/\/www.cvenewsite.camvaceng.com\/es\/wp-json\/wp\/v2\/pages\/455\/revisions\/2061"}],"up":[{"embeddable":true,"href":"http:\/\/www.cvenewsite.camvaceng.com\/es\/wp-json\/wp\/v2\/pages\/446"}],"wp:featuredmedia":[{"embeddable":true,"href":"http:\/\/www.cvenewsite.camvaceng.com\/es\/wp-json\/wp\/v2\/media\/709"}],"wp:attachment":[{"href":"http:\/\/www.cvenewsite.camvaceng.com\/es\/wp-json\/wp\/v2\/media?parent=455"}],"curies":[{"name":"wp","href":"https:\/\/api.w.org\/{rel}","templated":true}]}}